{"id":6691,"date":"2023-06-01T13:50:29","date_gmt":"2023-06-01T11:50:29","guid":{"rendered":"https:\/\/www.casadelmoviment.com\/?page_id=6691"},"modified":"2025-12-10T09:35:50","modified_gmt":"2025-12-10T08:35:50","slug":"equipo","status":"publish","type":"page","link":"https:\/\/www.casadelmoviment.com\/en\/equipo\/","title":{"rendered":"Team"},"content":{"rendered":"<div data-elementor-type=\"wp-page\" data-elementor-id=\"6691\" class=\"elementor elementor-6691\" data-elementor-settings=\"[]\">\n\t\t\t\t\t\t<div class=\"elementor-inner\">\n\t\t\t\t\t\t\t<div class=\"elementor-section-wrap\">\n\t\t\t\t\t\t\t<section data-particle_enable=\"false\" data-particle-mobile-disabled=\"false\" class=\"elementor-section elementor-top-section elementor-element elementor-element-da2615b elementor-section-boxed elementor-section-height-default elementor-section-height-default\" data-id=\"da2615b\" data-element_type=\"section\" data-settings=\"{&quot;background_background&quot;:&quot;classic&quot;}\">\n\t\t\t\t\t\t<div class=\"elementor-container elementor-column-gap-wide\">\n\t\t\t\t\t\t\t<div class=\"elementor-row\">\n\t\t\t\t\t<div class=\"elementor-column elementor-col-100 elementor-top-column elementor-element elementor-element-a5c45be\" data-id=\"a5c45be\" data-element_type=\"column\">\n\t\t\t<div class=\"elementor-column-wrap elementor-element-populated\">\n\t\t\t\t\t\t\t<div class=\"elementor-widget-wrap\">\n\t\t\t\t\t\t<div class=\"elementor-element elementor-element-3d0ac06 elementor-widget elementor-widget-bluhen_core_team_list\" data-id=\"3d0ac06\" data-element_type=\"widget\" data-widget_type=\"bluhen_core_team_list.default\">\n\t\t\t\t<div class=\"elementor-widget-container\">\n\t\t\t<div class=\"qodef-shortcode qodef-m  qodef-team-list qodef-item-layout--info-boxed   qodef-grid qodef-layout--columns  qodef-gutter--normal qodef-col-num--1 qodef-item-layout--info-boxed qodef-filter--on qodef-pagination--off qodef-responsive--predefined\" data-options=\"{&quot;plugin&quot;:&quot;bluhen_core&quot;,&quot;module&quot;:&quot;post-types\\\/team\\\/shortcodes&quot;,&quot;shortcode&quot;:&quot;team-list&quot;,&quot;post_type&quot;:&quot;team&quot;,&quot;next_page&quot;:&quot;2&quot;,&quot;max_pages_num&quot;:1,&quot;behavior&quot;:&quot;columns&quot;,&quot;images_proportion&quot;:&quot;bluhen_core_image_size_landscape&quot;,&quot;columns&quot;:&quot;1&quot;,&quot;columns_responsive&quot;:&quot;predefined&quot;,&quot;space&quot;:&quot;normal&quot;,&quot;slider_pagination&quot;:&quot;no&quot;,&quot;posts_per_page&quot;:&quot;100&quot;,&quot;orderby&quot;:&quot;date&quot;,&quot;order&quot;:&quot;ASC&quot;,&quot;layout&quot;:&quot;info-boxed&quot;,&quot;title_tag&quot;:&quot;h5&quot;,&quot;excerpt_length&quot;:&quot;2000&quot;,&quot;enable_ripple_hover&quot;:&quot;no&quot;,&quot;enable_filter&quot;:&quot;yes&quot;,&quot;pagination_type&quot;:&quot;no-pagination&quot;,&quot;object_class_name&quot;:&quot;BluhenCore_Team_List_Shortcode&quot;,&quot;taxonomy_filter&quot;:&quot;team-category&quot;,&quot;unique&quot;:441,&quot;item_classes&quot;:&quot;qodef-e qodef-grid-item &quot;,&quot;has_single&quot;:true,&quot;space_value&quot;:15}\">\n\t\t<div class=\"qodef-m-filter\">\n\t\t\t\t\t<div class=\"qodef-m-filter-items\">\n\t\t\t\t<a class=\"qodef-m-filter-item qodef--active\" href=\"#\" data-taxonomy=\"team-category\" data-filter=\"*\">\n\t\t\t\t\t<span class=\"qodef-m-filter-item-name\">Todas<\/span>\n\t\t\t\t<\/a>\n\t\t\t\t\t\t\t\t\t<a class=\"qodef-m-filter-item\" href=\"#\" data-taxonomy=\"team-category\" data-filter=\"danza\">\n\t\t\t\t\t\t<span class=\"qodef-m-filter-item-name\">Dance<\/span>\n\t\t\t\t\t<\/a>\n\t\t\t\t\t\t\t\t\t<a class=\"qodef-m-filter-item\" href=\"#\" data-taxonomy=\"team-category\" data-filter=\"yoga\">\n\t\t\t\t\t\t<span class=\"qodef-m-filter-item-name\">Yoga<\/span>\n\t\t\t\t\t<\/a>\n\t\t\t\t\t\t\t\t\t<a class=\"qodef-m-filter-item\" href=\"#\" data-taxonomy=\"team-category\" data-filter=\"salud\">\n\t\t\t\t\t\t<span class=\"qodef-m-filter-item-name\">Health<\/span>\n\t\t\t\t\t<\/a>\n\t\t\t\t\t\t\t<\/div>\n\t\t\t<\/div>\n\t<svg class=\"qodef-svg--spinner qodef-filter-pagination-spinner\" xmlns=\"http:\/\/www.w3.org\/2000\/svg\" width=\"512\" height=\"512\" viewbox=\"0 0 512 512\"><path d=\"M304 48c0 26.51-21.49 48-48 48s-48-21.49-48-48 21.49-48 48-48 48 21.49 48 48zm-48 368c-26.51 0-48 21.49-48 48s21.49 48 48 48 48-21.49 48-48-21.49-48-48-48zm208-208c-26.51 0-48 21.49-48 48s21.49 48 48 48 48-21.49 48-48-21.49-48-48-48zM96 256c0-26.51-21.49-48-48-48S0 229.49 0 256s21.49 48 48 48 48-21.49 48-48zm12.922 99.078c-26.51 0-48 21.49-48 48s21.49 48 48 48 48-21.49 48-48c0-26.509-21.491-48-48-48zm294.156 0c-26.51 0-48 21.49-48 48s21.49 48 48 48 48-21.49 48-48c0-26.509-21.49-48-48-48zM108.922 60.922c-26.51 0-48 21.49-48 48s21.49 48 48 48 48-21.49 48-48-21.491-48-48-48z\"><\/path><\/svg>\t<div class=\"qodef-grid-inner\">\n\t\t<div class=\"qodef-e qodef-grid-item  post-6701 team type-team status-publish hentry team-category-yoga\">\n\t<div class=\"qodef-e-inner\">\n\t\t<div class=\"qodef-e-image\">\n\t\t\t    <div class=\"qodef-e-media-image\">\n        <a itemprop=\"url\" href=\"https:\/\/www.casadelmoviment.com\/en\/team\/raquel-miro\/\">\n            <img loading=\"lazy\" decoding=\"async\" width=\"1300\" height=\"650\" src=\"https:\/\/www.casadelmoviment.com\/wp-content\/uploads\/2023\/06\/raquel-team-cada-del-moviment-1300x650.jpg\" class=\"attachment-bluhen_core_image_size_landscape size-bluhen_core_image_size_landscape\" alt=\"\" \/>        <\/a>\n    <\/div>\n\t\t<\/div>\n\t\t<div class=\"qodef-e-content\" >\n\t\t\t    <p class=\"qodef-e-role\"><span>Jivamukti Yoga \u00b7 Dance<\/span><\/p>\n\t\t\t<h5 itemprop=\"name\" class=\"qodef-e-title entry-title\" >\n\t\t\t<a itemprop=\"url\" class=\"qodef-e-title-link\" href=\"https:\/\/www.casadelmoviment.com\/en\/team\/raquel-miro\/\">\n\t\t\tRaquel Miro\t\t\t<\/a>\n\t<\/h5>\n\t\t\t\t\t<p itemprop=\"description\" class=\"qodef-e-excerpt\">Raquel's classes connect the wisdom of the teachings to today's life. Physical classes, adjustments and music accompany you to connect with physical and emotional energy to let go and transform.<\/p>\n\t\t\t\t\t\t\t<\/div>\n\t<\/div>\n<\/div>\n<div class=\"qodef-e qodef-grid-item  post-6745 team type-team status-publish hentry team-category-danza\">\n\t<div class=\"qodef-e-inner\">\n\t\t<div class=\"qodef-e-image\">\n\t\t\t    <div class=\"qodef-e-media-image\">\n        <a itemprop=\"url\" href=\"https:\/\/www.casadelmoviment.com\/en\/team\/gemma-miro\/\">\n            <img loading=\"lazy\" decoding=\"async\" width=\"1300\" height=\"650\" src=\"https:\/\/www.casadelmoviment.com\/wp-content\/uploads\/2023\/06\/gemma-team-cada-del-moviment-1300x650.jpg\" class=\"attachment-bluhen_core_image_size_landscape size-bluhen_core_image_size_landscape\" alt=\"\" \/>        <\/a>\n    <\/div>\n\t\t<\/div>\n\t\t<div class=\"qodef-e-content\" style=\"background-color:#ffb974\">\n\t\t\t    <p class=\"qodef-e-role\"><span>Ballet \u00b7 Children<\/span><\/p>\n\t\t\t<h5 itemprop=\"name\" class=\"qodef-e-title entry-title\" >\n\t\t\t<a itemprop=\"url\" class=\"qodef-e-title-link\" href=\"https:\/\/www.casadelmoviment.com\/en\/team\/gemma-miro\/\">\n\t\t\tGemma Mir\u00f3\t\t\t<\/a>\n\t<\/h5>\n\t\t\t\t\t<p itemprop=\"description\" class=\"qodef-e-excerpt\">Gemma's classes are focused on technique, musicality and flexibility from listening and connecting with the needs of different bodies, awakening the love for dance and the joy of dancing together.<\/p>\n\t\t\t\t\t\t\t<\/div>\n\t<\/div>\n<\/div>\n<div class=\"qodef-e qodef-grid-item  post-6749 team type-team status-publish hentry team-category-salud\">\n\t<div class=\"qodef-e-inner\">\n\t\t<div class=\"qodef-e-image\">\n\t\t\t    <div class=\"qodef-e-media-image\">\n        <a itemprop=\"url\" href=\"https:\/\/www.casadelmoviment.com\/en\/team\/carl-staaf\/\">\n            <img loading=\"lazy\" decoding=\"async\" width=\"1300\" height=\"650\" src=\"https:\/\/www.casadelmoviment.com\/wp-content\/uploads\/2023\/06\/Carl_1300x650.jpg\" class=\"attachment-bluhen_core_image_size_landscape size-bluhen_core_image_size_landscape\" alt=\"\" srcset=\"https:\/\/www.casadelmoviment.com\/wp-content\/uploads\/2023\/06\/Carl_1300x650.jpg 1300w, https:\/\/www.casadelmoviment.com\/wp-content\/uploads\/2023\/06\/Carl_1300x650-600x300.jpg 600w, https:\/\/www.casadelmoviment.com\/wp-content\/uploads\/2023\/06\/Carl_1300x650-300x150.jpg 300w, https:\/\/www.casadelmoviment.com\/wp-content\/uploads\/2023\/06\/Carl_1300x650-1024x512.jpg 1024w, https:\/\/www.casadelmoviment.com\/wp-content\/uploads\/2023\/06\/Carl_1300x650-768x384.jpg 768w, https:\/\/www.casadelmoviment.com\/wp-content\/uploads\/2023\/06\/Carl_1300x650-18x9.jpg 18w\" sizes=\"auto, (max-width: 1300px) 100vw, 1300px\" \/>        <\/a>\n    <\/div>\n\t\t<\/div>\n\t\t<div class=\"qodef-e-content\" >\n\t\t\t    <p class=\"qodef-e-role\"><span>Massages \u00b7 Training \u00b7 Coaching<\/span><\/p>\n\t\t\t<h5 itemprop=\"name\" class=\"qodef-e-title entry-title\" >\n\t\t\t<a itemprop=\"url\" class=\"qodef-e-title-link\" href=\"https:\/\/www.casadelmoviment.com\/en\/team\/carl-staaf\/\">\n\t\t\tCarl Staaf\t\t\t<\/a>\n\t<\/h5>\n\t\t\t\t\t<p itemprop=\"description\" class=\"qodef-e-excerpt\">Carl's massages, personalized workouts, and holistic health advice will help you live a healthier, more empowered life.<\/p>\n\t\t\t\t\t\t\t<\/div>\n\t<\/div>\n<\/div>\n<div class=\"qodef-e qodef-grid-item  post-6755 team type-team status-publish hentry team-category-yoga\">\n\t<div class=\"qodef-e-inner\">\n\t\t<div class=\"qodef-e-image\">\n\t\t\t    <div class=\"qodef-e-media-image\">\n        <a itemprop=\"url\" href=\"https:\/\/www.casadelmoviment.com\/en\/team\/marina-gordon\/\">\n            <img loading=\"lazy\" decoding=\"async\" width=\"1300\" height=\"650\" src=\"https:\/\/www.casadelmoviment.com\/wp-content\/uploads\/2023\/06\/Marina_1300x650.jpg\" class=\"attachment-bluhen_core_image_size_landscape size-bluhen_core_image_size_landscape\" alt=\"\" srcset=\"https:\/\/www.casadelmoviment.com\/wp-content\/uploads\/2023\/06\/Marina_1300x650.jpg 1300w, https:\/\/www.casadelmoviment.com\/wp-content\/uploads\/2023\/06\/Marina_1300x650-600x300.jpg 600w, https:\/\/www.casadelmoviment.com\/wp-content\/uploads\/2023\/06\/Marina_1300x650-300x150.jpg 300w, https:\/\/www.casadelmoviment.com\/wp-content\/uploads\/2023\/06\/Marina_1300x650-1024x512.jpg 1024w, https:\/\/www.casadelmoviment.com\/wp-content\/uploads\/2023\/06\/Marina_1300x650-768x384.jpg 768w, https:\/\/www.casadelmoviment.com\/wp-content\/uploads\/2023\/06\/Marina_1300x650-18x9.jpg 18w\" sizes=\"auto, (max-width: 1300px) 100vw, 1300px\" \/>        <\/a>\n    <\/div>\n\t\t<\/div>\n\t\t<div class=\"qodef-e-content\" style=\"background-color:#ffb974\">\n\t\t\t    <p class=\"qodef-e-role\"><span>vinyasa yoga<\/span><\/p>\n\t\t\t<h5 itemprop=\"name\" class=\"qodef-e-title entry-title\" >\n\t\t\t<a itemprop=\"url\" class=\"qodef-e-title-link\" href=\"https:\/\/www.casadelmoviment.com\/en\/team\/marina-gordon\/\">\n\t\t\tMarina Gordon\t\t\t<\/a>\n\t<\/h5>\n\t\t\t\t\t<p itemprop=\"description\" class=\"qodef-e-excerpt\">The vinyasa class is creative, vigorous, and dynamic, sequenced to smoothly transition, with the intention of linking breath to movement. I use an individual approach, catering to all needs, as my students come to the studio to strive to prove their work, body and mind healing and stress releasing.<\/p>\n\t\t\t\t\t\t\t<\/div>\n\t<\/div>\n<\/div>\n<div class=\"qodef-e qodef-grid-item  post-6750 team type-team status-publish hentry team-category-danza\">\n\t<div class=\"qodef-e-inner\">\n\t\t<div class=\"qodef-e-image\">\n\t\t\t    <div class=\"qodef-e-media-image\">\n        <a itemprop=\"url\" href=\"https:\/\/www.casadelmoviment.com\/en\/team\/alexey-dmitrenko\/\">\n            <img loading=\"lazy\" decoding=\"async\" width=\"1300\" height=\"650\" src=\"https:\/\/www.casadelmoviment.com\/wp-content\/uploads\/2023\/06\/Alexei_1300x650.jpg\" class=\"attachment-bluhen_core_image_size_landscape size-bluhen_core_image_size_landscape\" alt=\"\" srcset=\"https:\/\/www.casadelmoviment.com\/wp-content\/uploads\/2023\/06\/Alexei_1300x650.jpg 1300w, https:\/\/www.casadelmoviment.com\/wp-content\/uploads\/2023\/06\/Alexei_1300x650-600x300.jpg 600w, https:\/\/www.casadelmoviment.com\/wp-content\/uploads\/2023\/06\/Alexei_1300x650-300x150.jpg 300w, https:\/\/www.casadelmoviment.com\/wp-content\/uploads\/2023\/06\/Alexei_1300x650-1024x512.jpg 1024w, https:\/\/www.casadelmoviment.com\/wp-content\/uploads\/2023\/06\/Alexei_1300x650-768x384.jpg 768w, https:\/\/www.casadelmoviment.com\/wp-content\/uploads\/2023\/06\/Alexei_1300x650-18x9.jpg 18w\" sizes=\"auto, (max-width: 1300px) 100vw, 1300px\" \/>        <\/a>\n    <\/div>\n\t\t<\/div>\n\t\t<div class=\"qodef-e-content\" style=\"background-color:#ffb974\">\n\t\t\t    <p class=\"qodef-e-role\"><span>Ballet<\/span><\/p>\n\t\t\t<h5 itemprop=\"name\" class=\"qodef-e-title entry-title\" >\n\t\t\t<a itemprop=\"url\" class=\"qodef-e-title-link\" href=\"https:\/\/www.casadelmoviment.com\/en\/team\/alexey-dmitrenko\/\">\n\t\t\tAlexey Dmitrenko\t\t\t<\/a>\n\t<\/h5>\n\t\t\t\t\t\t\t\t<\/div>\n\t<\/div>\n<\/div>\n<div class=\"qodef-e qodef-grid-item  post-6757 team type-team status-publish hentry team-category-yoga\">\n\t<div class=\"qodef-e-inner\">\n\t\t<div class=\"qodef-e-image\">\n\t\t\t    <div class=\"qodef-e-media-image\">\n        <a itemprop=\"url\" href=\"https:\/\/www.casadelmoviment.com\/en\/team\/marta-caparros\/\">\n            <img loading=\"lazy\" decoding=\"async\" width=\"1300\" height=\"650\" src=\"https:\/\/www.casadelmoviment.com\/wp-content\/uploads\/2023\/06\/Marta_1300x650.jpg\" class=\"attachment-bluhen_core_image_size_landscape size-bluhen_core_image_size_landscape\" alt=\"\" srcset=\"https:\/\/www.casadelmoviment.com\/wp-content\/uploads\/2023\/06\/Marta_1300x650.jpg 1300w, https:\/\/www.casadelmoviment.com\/wp-content\/uploads\/2023\/06\/Marta_1300x650-600x300.jpg 600w, https:\/\/www.casadelmoviment.com\/wp-content\/uploads\/2023\/06\/Marta_1300x650-300x150.jpg 300w, https:\/\/www.casadelmoviment.com\/wp-content\/uploads\/2023\/06\/Marta_1300x650-1024x512.jpg 1024w, https:\/\/www.casadelmoviment.com\/wp-content\/uploads\/2023\/06\/Marta_1300x650-768x384.jpg 768w, https:\/\/www.casadelmoviment.com\/wp-content\/uploads\/2023\/06\/Marta_1300x650-18x9.jpg 18w\" sizes=\"auto, (max-width: 1300px) 100vw, 1300px\" \/>        <\/a>\n    <\/div>\n\t\t<\/div>\n\t\t<div class=\"qodef-e-content\" style=\"background-color:#ffb974\">\n\t\t\t    <p class=\"qodef-e-role\"><span>Jivamukti Yoga<\/span><\/p>\n\t\t\t<h5 itemprop=\"name\" class=\"qodef-e-title entry-title\" >\n\t\t\t<a itemprop=\"url\" class=\"qodef-e-title-link\" href=\"https:\/\/www.casadelmoviment.com\/en\/team\/marta-caparros\/\">\n\t\t\tMarta Caparr\u00f3s\t\t\t<\/a>\n\t<\/h5>\n\t\t\t\t\t\t\t\t<\/div>\n\t<\/div>\n<\/div>\n<div class=\"qodef-e qodef-grid-item  post-6758 team type-team status-publish hentry team-category-yoga\">\n\t<div class=\"qodef-e-inner\">\n\t\t<div class=\"qodef-e-image\">\n\t\t\t    <div class=\"qodef-e-media-image\">\n        <a itemprop=\"url\" href=\"https:\/\/www.casadelmoviment.com\/en\/team\/arturo-tierra\/\">\n            <img loading=\"lazy\" decoding=\"async\" width=\"1300\" height=\"650\" src=\"https:\/\/www.casadelmoviment.com\/wp-content\/uploads\/2023\/06\/Arturo_1300x650.jpg\" class=\"attachment-bluhen_core_image_size_landscape size-bluhen_core_image_size_landscape\" alt=\"\" srcset=\"https:\/\/www.casadelmoviment.com\/wp-content\/uploads\/2023\/06\/Arturo_1300x650.jpg 1300w, https:\/\/www.casadelmoviment.com\/wp-content\/uploads\/2023\/06\/Arturo_1300x650-600x300.jpg 600w, https:\/\/www.casadelmoviment.com\/wp-content\/uploads\/2023\/06\/Arturo_1300x650-300x150.jpg 300w, https:\/\/www.casadelmoviment.com\/wp-content\/uploads\/2023\/06\/Arturo_1300x650-1024x512.jpg 1024w, https:\/\/www.casadelmoviment.com\/wp-content\/uploads\/2023\/06\/Arturo_1300x650-768x384.jpg 768w, https:\/\/www.casadelmoviment.com\/wp-content\/uploads\/2023\/06\/Arturo_1300x650-18x9.jpg 18w\" sizes=\"auto, (max-width: 1300px) 100vw, 1300px\" \/>        <\/a>\n    <\/div>\n\t\t<\/div>\n\t\t<div class=\"qodef-e-content\" >\n\t\t\t    <p class=\"qodef-e-role\"><span>Basic Yoga<\/span><\/p>\n\t\t\t<h5 itemprop=\"name\" class=\"qodef-e-title entry-title\" >\n\t\t\t<a itemprop=\"url\" class=\"qodef-e-title-link\" href=\"https:\/\/www.casadelmoviment.com\/en\/team\/arturo-tierra\/\">\n\t\t\tArturo Tierra\t\t\t<\/a>\n\t<\/h5>\n\t\t\t\t\t\t\t\t<\/div>\n\t<\/div>\n<\/div>\n<div class=\"qodef-e qodef-grid-item  post-6759 team type-team status-publish hentry team-category-danza\">\n\t<div class=\"qodef-e-inner\">\n\t\t<div class=\"qodef-e-image\">\n\t\t\t    <div class=\"qodef-e-media-image\">\n        <a itemprop=\"url\" href=\"https:\/\/www.casadelmoviment.com\/en\/team\/kora-leiva\/\">\n            <img loading=\"lazy\" decoding=\"async\" width=\"1300\" height=\"650\" src=\"https:\/\/www.casadelmoviment.com\/wp-content\/uploads\/2023\/06\/Kora_1300x650.jpg\" class=\"attachment-bluhen_core_image_size_landscape size-bluhen_core_image_size_landscape\" alt=\"\" srcset=\"https:\/\/www.casadelmoviment.com\/wp-content\/uploads\/2023\/06\/Kora_1300x650.jpg 1300w, https:\/\/www.casadelmoviment.com\/wp-content\/uploads\/2023\/06\/Kora_1300x650-600x300.jpg 600w, https:\/\/www.casadelmoviment.com\/wp-content\/uploads\/2023\/06\/Kora_1300x650-300x150.jpg 300w, https:\/\/www.casadelmoviment.com\/wp-content\/uploads\/2023\/06\/Kora_1300x650-1024x512.jpg 1024w, https:\/\/www.casadelmoviment.com\/wp-content\/uploads\/2023\/06\/Kora_1300x650-768x384.jpg 768w, https:\/\/www.casadelmoviment.com\/wp-content\/uploads\/2023\/06\/Kora_1300x650-18x9.jpg 18w\" sizes=\"auto, (max-width: 1300px) 100vw, 1300px\" \/>        <\/a>\n    <\/div>\n\t\t<\/div>\n\t\t<div class=\"qodef-e-content\" style=\"background-color:#ffb974\">\n\t\t\t    <p class=\"qodef-e-role\"><span>Ballet and Yoga &amp; Dance for Children<\/span><\/p>\n\t\t\t<h5 itemprop=\"name\" class=\"qodef-e-title entry-title\" >\n\t\t\t<a itemprop=\"url\" class=\"qodef-e-title-link\" href=\"https:\/\/www.casadelmoviment.com\/en\/team\/kora-leiva\/\">\n\t\t\tKora Leiva\t\t\t<\/a>\n\t<\/h5>\n\t\t\t\t\t\t\t\t<\/div>\n\t<\/div>\n<\/div>\n\t<\/div>\n\t<\/div>\n\t\t<\/div>\n\t\t\t\t<\/div>\n\t\t\t\t<div class=\"elementor-element elementor-element-19c3bd7 elementor-widget elementor-widget-spacer\" data-id=\"19c3bd7\" data-element_type=\"widget\" data-widget_type=\"spacer.default\">\n\t\t\t\t<div class=\"elementor-widget-container\">\n\t\t\t\t\t<div class=\"elementor-spacer\">\n\t\t\t<div class=\"elementor-spacer-inner\"><\/div>\n\t\t<\/div>\n\t\t\t\t<\/div>\n\t\t\t\t<\/div>\n\t\t\t\t<div class=\"elementor-element elementor-element-b6564f0 animated-fast elementor-invisible elementor-widget elementor-widget-text-editor\" data-id=\"b6564f0\" data-element_type=\"widget\" data-settings=\"{&quot;_animation&quot;:&quot;fadeIn&quot;,&quot;_animation_delay&quot;:200}\" data-widget_type=\"text-editor.default\">\n\t\t\t\t<div class=\"elementor-widget-container\">\n\t\t\t\t\t\t\t\t<div class=\"elementor-text-editor elementor-clearfix\">\n\t\t\t\t<p><span style=\"font-weight: 400;\">Do you want to be part of the team? Write to us at <\/span><strong><a href=\"mailto:info@casadelmoviment.com\">info@casadelmoviment.com<\/a><\/strong><\/p>\t\t\t\t\t<\/div>\n\t\t\t\t\t\t<\/div>\n\t\t\t\t<\/div>\n\t\t\t\t\t\t<\/div>\n\t\t\t\t\t<\/div>\n\t\t<\/div>\n\t\t\t\t\t\t\t\t<\/div>\n\t\t\t\t\t<\/div>\n\t\t<\/section>\n\t\t\t\t<section data-particle_enable=\"false\" data-particle-mobile-disabled=\"false\" class=\"elementor-section elementor-top-section elementor-element elementor-element-f6aed61 elementor-section-boxed elementor-section-height-default elementor-section-height-default\" data-id=\"f6aed61\" data-element_type=\"section\">\n\t\t\t\t\t\t<div class=\"elementor-container elementor-column-gap-default\">\n\t\t\t\t\t\t\t<div class=\"elementor-row\">\n\t\t\t\t\t<div class=\"elementor-column elementor-col-100 elementor-top-column elementor-element elementor-element-7d5d879\" data-id=\"7d5d879\" data-element_type=\"column\">\n\t\t\t<div class=\"elementor-column-wrap\">\n\t\t\t\t\t\t\t<div class=\"elementor-widget-wrap\">\n\t\t\t\t\t\t\t\t<\/div>\n\t\t\t\t\t<\/div>\n\t\t<\/div>\n\t\t\t\t\t\t\t\t<\/div>\n\t\t\t\t\t<\/div>\n\t\t<\/section>\n\t\t\t\t<section data-particle_enable=\"false\" data-particle-mobile-disabled=\"false\" class=\"elementor-section elementor-top-section elementor-element elementor-element-72aa842 elementor-section-full_width elementor-section-height-default elementor-section-height-default\" data-id=\"72aa842\" data-element_type=\"section\" data-settings=\"{&quot;background_background&quot;:&quot;classic&quot;}\">\n\t\t\t\t\t\t<div class=\"elementor-container elementor-column-gap-default\">\n\t\t\t\t\t\t\t<div class=\"elementor-row\">\n\t\t\t\t\t<div class=\"elementor-column elementor-col-100 elementor-top-column elementor-element elementor-element-1522d63\" data-id=\"1522d63\" data-element_type=\"column\">\n\t\t\t<div class=\"elementor-column-wrap elementor-element-populated\">\n\t\t\t\t\t\t\t<div class=\"elementor-widget-wrap\">\n\t\t\t\t\t\t<div class=\"elementor-element elementor-element-a8bd299 animated-fast elementor-widget__width-inherit elementor-hidden-tablet elementor-hidden-mobile elementor-invisible elementor-widget elementor-widget-text-editor\" data-id=\"a8bd299\" data-element_type=\"widget\" data-settings=\"{&quot;_animation&quot;:&quot;fadeIn&quot;,&quot;_animation_delay&quot;:200}\" data-widget_type=\"text-editor.default\">\n\t\t\t\t<div class=\"elementor-widget-container\">\n\t\t\t\t\t\t\t\t<div class=\"elementor-text-editor elementor-clearfix\">\n\t\t\t\t<p><a style=\"padding: 62px; padding-right: 400px; padding-left: 400px;\" href=\"https:\/\/clientopen.com\/?business_id=36\" rel=\"noopener\">Descarga la app de <span style=\"text-decoration: underline;\">Open Client<\/span> para reservar tu clase -&gt;<\/a><\/p>\t\t\t\t\t<\/div>\n\t\t\t\t\t\t<\/div>\n\t\t\t\t<\/div>\n\t\t\t\t<div class=\"elementor-element elementor-element-8221b47 elementor-hidden-desktop elementor-widget elementor-widget-text-editor\" data-id=\"8221b47\" data-element_type=\"widget\" data-widget_type=\"text-editor.default\">\n\t\t\t\t<div class=\"elementor-widget-container\">\n\t\t\t\t\t\t\t\t<div class=\"elementor-text-editor elementor-clearfix\">\n\t\t\t\t<p><a href=\"https:\/\/clientopen.com\/?business_id=36\" rel=\"noopener\">Download the Open Client app to book your class -&gt;<\/a><\/p>\t\t\t\t\t<\/div>\n\t\t\t\t\t\t<\/div>\n\t\t\t\t<\/div>\n\t\t\t\t\t\t<\/div>\n\t\t\t\t\t<\/div>\n\t\t<\/div>\n\t\t\t\t\t\t\t\t<\/div>\n\t\t\t\t\t<\/div>\n\t\t<\/section>\n\t\t\t\t\t\t<\/div>\n\t\t\t\t\t\t<\/div>\n\t\t\t\t\t<\/div>","protected":false},"excerpt":{"rendered":"<p>Todas Dansa Ioga Salut Jivamukti Ioga \u00b7 Dansa Raquel Mir\u00f3 Les classes de Raquel connecten la saviesa dels ensenyaments a la vida actual. Les classes f\u00edsiques, ajustaments i m\u00fasica t&#8217;acompanyen a connectar amb l&#8217;energia f\u00edsica i emocional per deixar anar i transformar. Ballet \u00b7 Nens Gemma Mir\u00f3 Les classes de Gemma estan enfocades a la [&hellip;]<\/p>","protected":false},"author":2,"featured_media":9818,"parent":0,"menu_order":0,"comment_status":"closed","ping_status":"closed","template":"page-full-width.php","meta":{"footnotes":""},"class_list":["post-6691","page","type-page","status-publish","has-post-thumbnail","hentry"],"blog_post_layout_featured_media_urls":{"thumbnail":["https:\/\/www.casadelmoviment.com\/wp-content\/uploads\/2024\/10\/Casadelmoviment_Grupo-scaled-e1729545572576-150x150.jpg",150,150,true],"full":["https:\/\/www.casadelmoviment.com\/wp-content\/uploads\/2024\/10\/Casadelmoviment_Grupo-scaled-e1729545572576.jpg",2001,1600,false]},"categories_names":null,"comments_number":"0","_links":{"self":[{"href":"https:\/\/www.casadelmoviment.com\/en\/wp-json\/wp\/v2\/pages\/6691","targetHints":{"allow":["GET"]}}],"collection":[{"href":"https:\/\/www.casadelmoviment.com\/en\/wp-json\/wp\/v2\/pages"}],"about":[{"href":"https:\/\/www.casadelmoviment.com\/en\/wp-json\/wp\/v2\/types\/page"}],"author":[{"embeddable":true,"href":"https:\/\/www.casadelmoviment.com\/en\/wp-json\/wp\/v2\/users\/2"}],"replies":[{"embeddable":true,"href":"https:\/\/www.casadelmoviment.com\/en\/wp-json\/wp\/v2\/comments?post=6691"}],"version-history":[{"count":39,"href":"https:\/\/www.casadelmoviment.com\/en\/wp-json\/wp\/v2\/pages\/6691\/revisions"}],"predecessor-version":[{"id":10790,"href":"https:\/\/www.casadelmoviment.com\/en\/wp-json\/wp\/v2\/pages\/6691\/revisions\/10790"}],"wp:featuredmedia":[{"embeddable":true,"href":"https:\/\/www.casadelmoviment.com\/en\/wp-json\/wp\/v2\/media\/9818"}],"wp:attachment":[{"href":"https:\/\/www.casadelmoviment.com\/en\/wp-json\/wp\/v2\/media?parent=6691"}],"curies":[{"name":"wp","href":"https:\/\/api.w.org\/{rel}","templated":true}]}}