{"id":6888,"date":"2023-06-01T17:31:15","date_gmt":"2023-06-01T15:31:15","guid":{"rendered":"https:\/\/www.casadelmoviment.com\/?page_id=6888"},"modified":"2026-02-01T20:20:26","modified_gmt":"2026-02-01T19:20:26","slug":"eventos","status":"publish","type":"page","link":"https:\/\/www.casadelmoviment.com\/en\/eventos\/","title":{"rendered":"Events"},"content":{"rendered":"<div data-elementor-type=\"wp-page\" data-elementor-id=\"6888\" class=\"elementor elementor-6888\" data-elementor-settings=\"[]\">\n\t\t\t\t\t\t<div class=\"elementor-inner\">\n\t\t\t\t\t\t\t<div class=\"elementor-section-wrap\">\n\t\t\t\t\t\t\t<section data-particle_enable=\"false\" data-particle-mobile-disabled=\"false\" class=\"elementor-section elementor-top-section elementor-element elementor-element-a8c1957 elementor-section-boxed elementor-section-height-default elementor-section-height-default\" data-id=\"a8c1957\" data-element_type=\"section\" data-settings=\"{&quot;background_background&quot;:&quot;classic&quot;}\">\n\t\t\t\t\t\t<div class=\"elementor-container elementor-column-gap-wide\">\n\t\t\t\t\t\t\t<div class=\"elementor-row\">\n\t\t\t\t\t<div class=\"elementor-column elementor-col-100 elementor-top-column elementor-element elementor-element-73ee616\" data-id=\"73ee616\" data-element_type=\"column\">\n\t\t\t<div class=\"elementor-column-wrap elementor-element-populated\">\n\t\t\t\t\t\t\t<div class=\"elementor-widget-wrap\">\n\t\t\t\t\t\t<div class=\"elementor-element elementor-element-f736d05 elementor-widget elementor-widget-bluhen_core_blog_list\" data-id=\"f736d05\" data-element_type=\"widget\" data-widget_type=\"bluhen_core_blog_list.default\">\n\t\t\t\t<div class=\"elementor-widget-container\">\n\t\t\t<div class=\"qodef-shortcode qodef-m  qodef-blog qodef--list qodef-item-layout--standard  qodef-aligned--bottom  qodef-disable-breakpoint-  qodef-grid qodef-layout--columns  qodef-gutter--normal qodef-col-num--2 qodef-item-layout--standard qodef-pagination--off qodef-responsive--predefined qodef-swiper--show-pagination\" data-options=\"{&quot;plugin&quot;:&quot;bluhen_core&quot;,&quot;module&quot;:&quot;blog\\\/shortcodes&quot;,&quot;shortcode&quot;:&quot;blog-list&quot;,&quot;post_type&quot;:&quot;post&quot;,&quot;next_page&quot;:&quot;2&quot;,&quot;max_pages_num&quot;:1,&quot;behavior&quot;:&quot;columns&quot;,&quot;images_proportion&quot;:&quot;bluhen_core_image_size_landscape&quot;,&quot;columns&quot;:&quot;2&quot;,&quot;columns_responsive&quot;:&quot;predefined&quot;,&quot;space&quot;:&quot;normal&quot;,&quot;orderby&quot;:&quot;date&quot;,&quot;order&quot;:&quot;DESC&quot;,&quot;layout&quot;:&quot;standard&quot;,&quot;title_tag&quot;:&quot;h5&quot;,&quot;enable_ripple_hover&quot;:&quot;no&quot;,&quot;enable_filter&quot;:&quot;no&quot;,&quot;pagination_type&quot;:&quot;no-pagination&quot;,&quot;object_class_name&quot;:&quot;BluhenCore_Blog_List_Shortcode&quot;,&quot;taxonomy_filter&quot;:&quot;category&quot;,&quot;space_value&quot;:15}\">\n\t\t<div class=\"qodef-grid-inner\">\n\t\t<article class=\"qodef-e qodef-blog-item qodef-grid-item qodef-item--landscape post-11432 post type-post status-publish format-standard has-post-thumbnail hentry category-actuals category-news\">\n\t<div class=\"qodef-e-inner\">\n\t\t<div class=\"qodef-media-holder\">\n\t\t\t<div class=\"qodef-e-media\">\n\t\t<div class=\"qodef-e-media-image\">\n\t\t<a itemprop=\"url\" href=\"https:\/\/www.casadelmoviment.com\/en\/4-estaciones\/\">\n\t\t\t<img loading=\"lazy\" decoding=\"async\" width=\"1080\" height=\"650\" src=\"https:\/\/www.casadelmoviment.com\/wp-content\/uploads\/2026\/02\/Las-4-estaciones-1080x650.png\" class=\"attachment-bluhen_core_image_size_landscape size-bluhen_core_image_size_landscape wp-post-image\" alt=\"\" \/>\t\t<\/a>\n\t<\/div>\n<\/div>\n<a itemprop=\"dateCreated\" href=\"https:\/\/www.casadelmoviment.com\/en\/2026\/04\/\" class=\"entry-date\">\n\t<\/a><div class=\"qodef-info-separator-end\"><\/div>\n\t\t<\/div>\n\t\t<div class=\"qodef-e-content\">\n\t\t\t<div class=\"qodef-e-text\">\n\t\t\t\t<h5 itemprop=\"name\" class=\"qodef-e-title entry-title\" >\n\t<a itemprop=\"url\" class=\"qodef-e-title-link\" href=\"https:\/\/www.casadelmoviment.com\/en\/4-estaciones\/\">\n\t\tInmersi\u00f3n del Yoga Iyengar\t<\/a>\n<\/h5>\n\t\t<p itemprop=\"description\" class=\"qodef-e-excerpt\">30\/5 - 20\/6 - 26\/9 - 17\/10<\/p>\n\t\t\t\t\t<\/div>\n\t\t\t<div class=\"qodef-e-bottom-holder\">\n\t\t\t\t<div class=\"qodef-e-left\">\n\t\t\t\t\t\t<div class=\"qodef-e-read-more\">\n\t\t<a class=\"qodef-shortcode qodef-m  qodef-button qodef-layout--textual  qodef-html--link\" href=\"https:\/\/www.casadelmoviment.com\/en\/4-estaciones\/\" target=\"_self\"  >\t<span class=\"qodef-m-text\">Leer m\u00e1s<\/span><\/a>\t<\/div>\n\t\t\t\t<\/div>\n\t\t\t<\/div>\n\t\t<\/div>\n\t<\/div>\n<\/article>\n<article class=\"qodef-e qodef-blog-item qodef-grid-item qodef-item--landscape post-11389 post type-post status-publish format-standard has-post-thumbnail hentry category-actuals category-news\">\n\t<div class=\"qodef-e-inner\">\n\t\t<div class=\"qodef-media-holder\">\n\t\t\t<div class=\"qodef-e-media\">\n\t\t<div class=\"qodef-e-media-image\">\n\t\t<a itemprop=\"url\" href=\"https:\/\/www.casadelmoviment.com\/en\/casal-destiu\/\">\n\t\t\t<img loading=\"lazy\" decoding=\"async\" width=\"1192\" height=\"650\" src=\"https:\/\/www.casadelmoviment.com\/wp-content\/uploads\/2026\/04\/Screenshot-2026-04-13-at-15.55.13-1192x650.png\" class=\"attachment-bluhen_core_image_size_landscape size-bluhen_core_image_size_landscape wp-post-image\" alt=\"\" \/>\t\t<\/a>\n\t<\/div>\n<\/div>\n<a itemprop=\"dateCreated\" href=\"https:\/\/www.casadelmoviment.com\/en\/2026\/04\/\" class=\"entry-date\">\n\t<\/a><div class=\"qodef-info-separator-end\"><\/div>\n\t\t<\/div>\n\t\t<div class=\"qodef-e-content\">\n\t\t\t<div class=\"qodef-e-text\">\n\t\t\t\t<h5 itemprop=\"name\" class=\"qodef-e-title entry-title\" >\n\t<a itemprop=\"url\" class=\"qodef-e-title-link\" href=\"https:\/\/www.casadelmoviment.com\/en\/casal-destiu\/\">\n\t\tCasal D&#8217;estiu\t<\/a>\n<\/h5>\n\t\t<p itemprop=\"description\" class=\"qodef-e-excerpt\">22 de Juny a 10 Juliol<\/p>\n\t\t\t\t\t<\/div>\n\t\t\t<div class=\"qodef-e-bottom-holder\">\n\t\t\t\t<div class=\"qodef-e-left\">\n\t\t\t\t\t\t<div class=\"qodef-e-read-more\">\n\t\t<a class=\"qodef-shortcode qodef-m  qodef-button qodef-layout--textual  qodef-html--link\" href=\"https:\/\/www.casadelmoviment.com\/en\/casal-destiu\/\" target=\"_self\"  >\t<span class=\"qodef-m-text\">Leer m\u00e1s<\/span><\/a>\t<\/div>\n\t\t\t\t<\/div>\n\t\t\t<\/div>\n\t\t<\/div>\n\t<\/div>\n<\/article>\n<article class=\"qodef-e qodef-blog-item qodef-grid-item qodef-item--landscape post-11306 post type-post status-publish format-standard has-post-thumbnail hentry category-actuals category-news\">\n\t<div class=\"qodef-e-inner\">\n\t\t<div class=\"qodef-media-holder\">\n\t\t\t<div class=\"qodef-e-media\">\n\t\t<div class=\"qodef-e-media-image\">\n\t\t<a itemprop=\"url\" href=\"https:\/\/www.casadelmoviment.com\/en\/ytt-modulo-4-el-arte-de-asistir\/\">\n\t\t\t<img loading=\"lazy\" decoding=\"async\" width=\"1300\" height=\"650\" src=\"https:\/\/www.casadelmoviment.com\/wp-content\/uploads\/2026\/03\/asistenciasnewsletter-1300x650.png\" class=\"attachment-bluhen_core_image_size_landscape size-bluhen_core_image_size_landscape wp-post-image\" alt=\"\" \/>\t\t<\/a>\n\t<\/div>\n<\/div>\n<a itemprop=\"dateCreated\" href=\"https:\/\/www.casadelmoviment.com\/en\/2026\/01\/\" class=\"entry-date\">\n\t<\/a><div class=\"qodef-info-separator-end\"><\/div>\n\t\t<\/div>\n\t\t<div class=\"qodef-e-content\">\n\t\t\t<div class=\"qodef-e-text\">\n\t\t\t\t<h5 itemprop=\"name\" class=\"qodef-e-title entry-title\" >\n\t<a itemprop=\"url\" class=\"qodef-e-title-link\" href=\"https:\/\/www.casadelmoviment.com\/en\/ytt-modulo-4-el-arte-de-asistir\/\">\n\t\tYTT Modulo 4: El Arte de Asistir\t<\/a>\n<\/h5>\n\t\t<p itemprop=\"description\" class=\"qodef-e-excerpt\">18-19 Abril - YTT Modulo 4: El Arte de Asistir<\/p>\n\t\t\t\t\t<\/div>\n\t\t\t<div class=\"qodef-e-bottom-holder\">\n\t\t\t\t<div class=\"qodef-e-left\">\n\t\t\t\t\t\t<div class=\"qodef-e-read-more\">\n\t\t<a class=\"qodef-shortcode qodef-m  qodef-button qodef-layout--textual  qodef-html--link\" href=\"https:\/\/www.casadelmoviment.com\/en\/ytt-modulo-4-el-arte-de-asistir\/\" target=\"_self\"  >\t<span class=\"qodef-m-text\">Leer m\u00e1s<\/span><\/a>\t<\/div>\n\t\t\t\t<\/div>\n\t\t\t<\/div>\n\t\t<\/div>\n\t<\/div>\n<\/article>\n<article class=\"qodef-e qodef-blog-item qodef-grid-item qodef-item--landscape post-10338 post type-post status-publish format-standard has-post-thumbnail hentry category-actuals\">\n\t<div class=\"qodef-e-inner\">\n\t\t<div class=\"qodef-media-holder\">\n\t\t\t<div class=\"qodef-e-media\">\n\t\t<div class=\"qodef-e-media-image\">\n\t\t<a itemprop=\"url\" href=\"https:\/\/www.casadelmoviment.com\/en\/retiro-de-yoga\/\">\n\t\t\t<img loading=\"lazy\" decoding=\"async\" width=\"1300\" height=\"650\" src=\"https:\/\/www.casadelmoviment.com\/wp-content\/uploads\/2026\/01\/SPRING-RETREAT-29.7-x-21-cm-1300x650.png\" class=\"attachment-bluhen_core_image_size_landscape size-bluhen_core_image_size_landscape wp-post-image\" alt=\"\" \/>\t\t<\/a>\n\t<\/div>\n<\/div>\n<a itemprop=\"dateCreated\" href=\"https:\/\/www.casadelmoviment.com\/en\/2026\/01\/\" class=\"entry-date\">\n\t<\/a><div class=\"qodef-info-separator-end\"><\/div>\n\t\t<\/div>\n\t\t<div class=\"qodef-e-content\">\n\t\t\t<div class=\"qodef-e-text\">\n\t\t\t\t<h5 itemprop=\"name\" class=\"qodef-e-title entry-title\" >\n\t<a itemprop=\"url\" class=\"qodef-e-title-link\" href=\"https:\/\/www.casadelmoviment.com\/en\/retiro-de-yoga\/\">\n\t\tYoga Retreat\t<\/a>\n<\/h5>\n\t\t<p itemprop=\"description\" class=\"qodef-e-excerpt\">1-3 de Mayo - Retir de Jivamukti Ioga, Moviment, Massatge Tailand\u00e8s, Menjar de l&#039;\u00c0nima i Escalada en Roca<\/p>\n\t\t\t\t\t<\/div>\n\t\t\t<div class=\"qodef-e-bottom-holder\">\n\t\t\t\t<div class=\"qodef-e-left\">\n\t\t\t\t\t\t<div class=\"qodef-e-read-more\">\n\t\t<a class=\"qodef-shortcode qodef-m  qodef-button qodef-layout--textual  qodef-html--link\" href=\"https:\/\/www.casadelmoviment.com\/en\/retiro-de-yoga\/\" target=\"_self\"  >\t<span class=\"qodef-m-text\">Leer m\u00e1s<\/span><\/a>\t<\/div>\n\t\t\t\t<\/div>\n\t\t\t<\/div>\n\t\t<\/div>\n\t<\/div>\n<\/article>\n<article class=\"qodef-e qodef-blog-item qodef-grid-item qodef-item--landscape post-9820 post type-post status-publish format-standard has-post-thumbnail hentry category-actuals category-news\">\n\t<div class=\"qodef-e-inner\">\n\t\t<div class=\"qodef-media-holder\">\n\t\t\t<div class=\"qodef-e-media\">\n\t\t<div class=\"qodef-e-media-image\">\n\t\t<a itemprop=\"url\" href=\"https:\/\/www.casadelmoviment.com\/en\/ytt-el-arte-de-ensenar-2026\/\">\n\t\t\t<img loading=\"lazy\" decoding=\"async\" width=\"1300\" height=\"650\" src=\"https:\/\/www.casadelmoviment.com\/wp-content\/uploads\/2026\/03\/Untitled-29.7-x-21-cm-1300x650.png\" class=\"attachment-bluhen_core_image_size_landscape size-bluhen_core_image_size_landscape wp-post-image\" alt=\"\" \/>\t\t<\/a>\n\t<\/div>\n<\/div>\n<a itemprop=\"dateCreated\" href=\"https:\/\/www.casadelmoviment.com\/en\/2026\/01\/\" class=\"entry-date\">\n\t<\/a><div class=\"qodef-info-separator-end\"><\/div>\n\t\t<\/div>\n\t\t<div class=\"qodef-e-content\">\n\t\t\t<div class=\"qodef-e-text\">\n\t\t\t\t<h5 itemprop=\"name\" class=\"qodef-e-title entry-title\" >\n\t<a itemprop=\"url\" class=\"qodef-e-title-link\" href=\"https:\/\/www.casadelmoviment.com\/en\/ytt-el-arte-de-ensenar-2026\/\">\n\t\tYTT Modulo 5: Dise\u00f1o &amp; secuenciaci\u00f3n\t<\/a>\n<\/h5>\n\t\t<p itemprop=\"description\" class=\"qodef-e-excerpt\">16-17 Mayo - YTT Modulo 5: Dise\u00f1o y Secuenciaci\u00f3n<\/p>\n\t\t\t\t\t<\/div>\n\t\t\t<div class=\"qodef-e-bottom-holder\">\n\t\t\t\t<div class=\"qodef-e-left\">\n\t\t\t\t\t\t<div class=\"qodef-e-read-more\">\n\t\t<a class=\"qodef-shortcode qodef-m  qodef-button qodef-layout--textual  qodef-html--link\" href=\"https:\/\/www.casadelmoviment.com\/en\/ytt-el-arte-de-ensenar-2026\/\" target=\"_self\"  >\t<span class=\"qodef-m-text\">Leer m\u00e1s<\/span><\/a>\t<\/div>\n\t\t\t\t<\/div>\n\t\t\t<\/div>\n\t\t<\/div>\n\t<\/div>\n<\/article>\n\t<\/div>\n\t<\/div>\n\t\t<\/div>\n\t\t\t\t<\/div>\n\t\t\t\t\t\t<\/div>\n\t\t\t\t\t<\/div>\n\t\t<\/div>\n\t\t\t\t\t\t\t\t<\/div>\n\t\t\t\t\t<\/div>\n\t\t<\/section>\n\t\t\t\t\t\t<\/div>\n\t\t\t\t\t\t<\/div>\n\t\t\t\t\t<\/div>","protected":false},"excerpt":{"rendered":"<p>YTT: L&#8217;Art d&#8217;Ensenyar 2026 Apr\u00e8n eines per crear seq\u00fc\u00e8ncies l\u00f2giques i preparar classes completes de manera efectiva. Leer m\u00e1s YTT Modulo 2: Alineaci\u00f3n y Anatomia YTT Modulo 2: Alineaci\u00f3n y Anatom\u00eda 21-22 Febrero Leer m\u00e1s Retir de Yoga 1-3\/5 &#8211; Jivamukti Ioga, moviment, massatge tailand\u00e8s, menjar de l&#039;\u00e0nima i escalada en roca Leer m\u00e1s<\/p>","protected":false},"author":2,"featured_media":6002,"parent":0,"menu_order":0,"comment_status":"closed","ping_status":"closed","template":"page-full-width.php","meta":{"footnotes":""},"class_list":["post-6888","page","type-page","status-publish","has-post-thumbnail","hentry"],"blog_post_layout_featured_media_urls":{"thumbnail":["https:\/\/www.casadelmoviment.com\/wp-content\/uploads\/2023\/05\/ketan-rajput-n-g7dgwNZg4-unsplash-150x150.jpg",150,150,true],"full":["https:\/\/www.casadelmoviment.com\/wp-content\/uploads\/2023\/05\/ketan-rajput-n-g7dgwNZg4-unsplash-scaled.jpg",2560,1707,false]},"categories_names":null,"comments_number":"0","_links":{"self":[{"href":"https:\/\/www.casadelmoviment.com\/en\/wp-json\/wp\/v2\/pages\/6888","targetHints":{"allow":["GET"]}}],"collection":[{"href":"https:\/\/www.casadelmoviment.com\/en\/wp-json\/wp\/v2\/pages"}],"about":[{"href":"https:\/\/www.casadelmoviment.com\/en\/wp-json\/wp\/v2\/types\/page"}],"author":[{"embeddable":true,"href":"https:\/\/www.casadelmoviment.com\/en\/wp-json\/wp\/v2\/users\/2"}],"replies":[{"embeddable":true,"href":"https:\/\/www.casadelmoviment.com\/en\/wp-json\/wp\/v2\/comments?post=6888"}],"version-history":[{"count":14,"href":"https:\/\/www.casadelmoviment.com\/en\/wp-json\/wp\/v2\/pages\/6888\/revisions"}],"predecessor-version":[{"id":11187,"href":"https:\/\/www.casadelmoviment.com\/en\/wp-json\/wp\/v2\/pages\/6888\/revisions\/11187"}],"wp:featuredmedia":[{"embeddable":true,"href":"https:\/\/www.casadelmoviment.com\/en\/wp-json\/wp\/v2\/media\/6002"}],"wp:attachment":[{"href":"https:\/\/www.casadelmoviment.com\/en\/wp-json\/wp\/v2\/media?parent=6888"}],"curies":[{"name":"wp","href":"https:\/\/api.w.org\/{rel}","templated":true}]}}