{"id":8474,"date":"2023-06-21T11:09:02","date_gmt":"2023-06-21T09:09:02","guid":{"rendered":"https:\/\/www.casadelmoviment.com\/?page_id=8474"},"modified":"2026-01-21T22:10:26","modified_gmt":"2026-01-21T21:10:26","slug":"yoga-teacher-training","status":"publish","type":"page","link":"https:\/\/www.casadelmoviment.com\/en\/yoga-teacher-training\/","title":{"rendered":"Yoga Teacher Training"},"content":{"rendered":"<div data-elementor-type=\"wp-page\" data-elementor-id=\"8474\" class=\"elementor elementor-8474\" data-elementor-settings=\"[]\">\n\t\t\t\t\t\t<div class=\"elementor-inner\">\n\t\t\t\t\t\t\t<div class=\"elementor-section-wrap\">\n\t\t\t\t\t\t\t<section data-particle_enable=\"false\" data-particle-mobile-disabled=\"false\" class=\"elementor-section elementor-top-section elementor-element elementor-element-cd5ff05 elementor-section-height-full elementor-section-boxed elementor-section-height-default elementor-section-items-middle\" data-id=\"cd5ff05\" data-element_type=\"section\" data-settings=\"{&quot;background_background&quot;:&quot;slideshow&quot;,&quot;background_slideshow_gallery&quot;:[{&quot;id&quot;:7715,&quot;url&quot;:&quot;https:\\\/\\\/www.casadelmoviment.com\\\/wp-content\\\/uploads\\\/2023\\\/06\\\/Casa-del-Moviment-11-scaled.jpg&quot;}],&quot;background_slideshow_slide_duration&quot;:5000,&quot;background_slideshow_slide_transition&quot;:&quot;fade&quot;,&quot;background_slideshow_transition_duration&quot;:500}\">\n\t\t\t\t\t\t\t<div class=\"elementor-background-overlay\"><\/div>\n\t\t\t\t\t\t\t<div class=\"elementor-container elementor-column-gap-default\">\n\t\t\t\t\t\t\t<div class=\"elementor-row\">\n\t\t\t\t\t<div class=\"elementor-column elementor-col-100 elementor-top-column elementor-element elementor-element-73caf32 elementor-invisible\" data-id=\"73caf32\" data-element_type=\"column\" data-settings=\"{&quot;background_background&quot;:&quot;slideshow&quot;,&quot;animation&quot;:&quot;fadeIn&quot;,&quot;background_slideshow_ken_burns&quot;:&quot;yes&quot;,&quot;background_slideshow_gallery&quot;:[],&quot;background_slideshow_loop&quot;:&quot;yes&quot;,&quot;background_slideshow_slide_duration&quot;:5000,&quot;background_slideshow_slide_transition&quot;:&quot;fade&quot;,&quot;background_slideshow_transition_duration&quot;:500,&quot;background_slideshow_ken_burns_zoom_direction&quot;:&quot;in&quot;}\">\n\t\t\t<div class=\"elementor-column-wrap elementor-element-populated\">\n\t\t\t\t\t\t\t<div class=\"elementor-widget-wrap\">\n\t\t\t\t\t\t<div class=\"elementor-element elementor-element-d3db50d elementor-invisible elementor-widget elementor-widget-bluhen_core_section_title\" data-id=\"d3db50d\" data-element_type=\"widget\" data-settings=\"{&quot;_animation&quot;:&quot;fadeIn&quot;}\" data-widget_type=\"bluhen_core_section_title.default\">\n\t\t\t\t<div class=\"elementor-widget-container\">\n\t\t\t<div class=\"qodef-shortcode qodef-m  qodef-section-title qodef-alignment--center\">\n\t\t<h1 class=\"qodef-m-title\" style=\"color: #FFFFF8\">\n\t\t\t\t\t100h\t\t\t<\/h1>\n\t<\/div>\n\t\t<\/div>\n\t\t\t\t<\/div>\n\t\t\t\t<div class=\"elementor-element elementor-element-5a48386 elementor-invisible elementor-widget elementor-widget-bluhen_core_section_title\" data-id=\"5a48386\" data-element_type=\"widget\" data-settings=\"{&quot;_animation&quot;:&quot;fadeIn&quot;}\" data-widget_type=\"bluhen_core_section_title.default\">\n\t\t\t\t<div class=\"elementor-widget-container\">\n\t\t\t<div class=\"qodef-shortcode qodef-m  qodef-section-title qodef-alignment--center\">\n\t\t<h3 class=\"qodef-m-title\" style=\"color: #FFFFF8\">\n\t\t\t\t\tYoga teacher training\t\t\t<\/h3>\n\t<\/div>\n\t\t<\/div>\n\t\t\t\t<\/div>\n\t\t\t\t<div class=\"elementor-element elementor-element-9aa0ad8 elementor-widget elementor-widget-spacer\" data-id=\"9aa0ad8\" data-element_type=\"widget\" data-widget_type=\"spacer.default\">\n\t\t\t\t<div class=\"elementor-widget-container\">\n\t\t\t\t\t<div class=\"elementor-spacer\">\n\t\t\t<div class=\"elementor-spacer-inner\"><\/div>\n\t\t<\/div>\n\t\t\t\t<\/div>\n\t\t\t\t<\/div>\n\t\t\t\t<div class=\"elementor-element elementor-element-2d04036 elementor-widget__width-auto elementor-widget elementor-widget-bluhen_core_button\" data-id=\"2d04036\" data-element_type=\"widget\" data-widget_type=\"bluhen_core_button.default\">\n\t\t\t\t<div class=\"elementor-widget-container\">\n\t\t\t<a class=\"qodef-shortcode qodef-m  qodef-button qodef-layout--filled qodef-size--large qodef-html--link qodef-shape--ellipse\" href=\"mailto:info@casadelmoviment.com\" target=\"_blank\"  >\n\t<span class=\"qodef-m-text\">Reserve a spot<\/span>\n<\/a>\n\t\t<\/div>\n\t\t\t\t<\/div>\n\t\t\t\t\t\t<\/div>\n\t\t\t\t\t<\/div>\n\t\t<\/div>\n\t\t\t\t\t\t\t\t<\/div>\n\t\t\t\t\t<\/div>\n\t\t<\/section>\n\t\t\t\t<section data-particle_enable=\"false\" data-particle-mobile-disabled=\"false\" class=\"elementor-section elementor-top-section elementor-element elementor-element-053a69a qodef-elementor-content-grid elementor-section-boxed elementor-section-height-default elementor-section-height-default\" data-id=\"053a69a\" data-element_type=\"section\" data-settings=\"{&quot;background_background&quot;:&quot;classic&quot;}\">\n\t\t\t\t\t\t<div class=\"elementor-container elementor-column-gap-default\">\n\t\t\t\t\t\t\t<div class=\"elementor-row\">\n\t\t\t\t\t<div class=\"elementor-column elementor-col-100 elementor-top-column elementor-element elementor-element-0130238\" data-id=\"0130238\" data-element_type=\"column\">\n\t\t\t<div class=\"elementor-column-wrap elementor-element-populated\">\n\t\t\t\t\t\t\t<div class=\"elementor-widget-wrap\">\n\t\t\t\t\t\t<div class=\"elementor-element elementor-element-1e70d03 animated-fast elementor-invisible elementor-widget elementor-widget-text-editor\" data-id=\"1e70d03\" data-element_type=\"widget\" data-settings=\"{&quot;_animation&quot;:&quot;fadeIn&quot;,&quot;_animation_delay&quot;:200}\" data-widget_type=\"text-editor.default\">\n\t\t\t\t<div class=\"elementor-widget-container\">\n\t\t\t\t\t\t\t\t<div class=\"elementor-text-editor elementor-clearfix\">\n\t\t\t\t<p>Comprehensive and modular yoga training taught by Raquel Mir\u00f3 and guest teachers. It consists of six modules that delve into each of the foundations of yoga. The guest teachers will guide you through the Philosophy of Yoga and Jivamukti Yoga, the art of assisting, asanas and anatomy, sequencing, harmony mantras and meditation. All of this aims to find your own voice, discover new resources to create intelligent and fun sequences and enrich your spiritual path.<\/p>\t\t\t\t\t<\/div>\n\t\t\t\t\t\t<\/div>\n\t\t\t\t<\/div>\n\t\t\t\t\t\t<\/div>\n\t\t\t\t\t<\/div>\n\t\t<\/div>\n\t\t\t\t\t\t\t\t<\/div>\n\t\t\t\t\t<\/div>\n\t\t<\/section>\n\t\t\t\t<section data-particle_enable=\"false\" data-particle-mobile-disabled=\"false\" class=\"elementor-section elementor-top-section elementor-element elementor-element-5b3b0d5 qodef-elementor-content-grid elementor-section-boxed elementor-section-height-default elementor-section-height-default\" data-id=\"5b3b0d5\" data-element_type=\"section\" data-settings=\"{&quot;background_background&quot;:&quot;classic&quot;}\">\n\t\t\t\t\t\t<div class=\"elementor-container elementor-column-gap-default\">\n\t\t\t\t\t\t\t<div class=\"elementor-row\">\n\t\t\t\t\t<div class=\"elementor-column elementor-col-100 elementor-top-column elementor-element elementor-element-d892d49\" data-id=\"d892d49\" data-element_type=\"column\">\n\t\t\t<div class=\"elementor-column-wrap elementor-element-populated\">\n\t\t\t\t\t\t\t<div class=\"elementor-widget-wrap\">\n\t\t\t\t\t\t<div class=\"elementor-element elementor-element-27faf8a elementor-widget elementor-widget-bluhen_core_accordion\" data-id=\"27faf8a\" data-element_type=\"widget\" data-widget_type=\"bluhen_core_accordion.default\">\n\t\t\t\t<div class=\"elementor-widget-container\">\n\t\t\t<div class=\"qodef-shortcode qodef-m  qodef-accordion clear qodef-behavior--toggle qodef-layout--simple\">\n\t<h4 class=\"qodef-accordion-title\">\n\t<span class=\"qodef-tab-title\">For whom<\/span>\n\t<span class=\"qodef-accordion-mark\">\n\t\t<span class=\"qodef-icon--plus\"><\/span>\n\t\t<span class=\"qodef-icon--minus\"><\/span>\n\t<\/span>\n<\/h4>\n<div class=\"qodef-accordion-content\">\n\t<div class=\"qodef-accordion-content-inner\">\n\t\t<p>This training is for you if you have been practicing yoga for many years and want to deepen your knowledge, or if you have already completed a YTT (Yoga Teacher Training) and are interested in learning other teaching methods and styles. If you already teach and feel like you are always doing the same thing, this training will help you awaken your creativity as a teacher and find your own unique style and voice.<\/p>\t<\/div>\n<\/div>\n<h4 class=\"qodef-accordion-title\">\n\t<span class=\"qodef-tab-title\">What will you learn?<\/span>\n\t<span class=\"qodef-accordion-mark\">\n\t\t<span class=\"qodef-icon--plus\"><\/span>\n\t\t<span class=\"qodef-icon--minus\"><\/span>\n\t<\/span>\n<\/h4>\n<div class=\"qodef-accordion-content\">\n\t<div class=\"qodef-accordion-content-inner\">\n\t\t<ul><li>Accompany the practice of asanas with your voice and your body.<\/li><li>Guided meditations, pranayama and discover the power of mantras and your voice.<\/li><li>Helping practitioners by listening and sensing what each body needs at the moment.<\/li><li>Understand your own body and its alignment to practice and help in a safe and healthy way.<\/li><li>Sequencing intelligent, fun and creative paths adapted to different audiences.<\/li><li>Dharma Talk created with the support of yogic scriptures, mantras and your own experience.<\/li><\/ul>\t<\/div>\n<\/div>\n<h4 class=\"qodef-accordion-title\">\n\t<span class=\"qodef-tab-title\">What is included?<\/span>\n\t<span class=\"qodef-accordion-mark\">\n\t\t<span class=\"qodef-icon--plus\"><\/span>\n\t\t<span class=\"qodef-icon--minus\"><\/span>\n\t<\/span>\n<\/h4>\n<div class=\"qodef-accordion-content\">\n\t<div class=\"qodef-accordion-content-inner\">\n\t\t<p><strong>100 hores certificades -<\/strong> Certification provided by teachers and Casa del Movimento.<\/p><p><strong>1:1 Session -<\/strong> A personal mentoring session with Raquel Mir\u00f3.<\/p><p><strong>Welcome kit:<\/strong> Includes a manual and a songbook.<\/p><p><strong>30 hours of practice at Casa del Movimento -<\/strong> Valid for 6 months.<\/p>\t<\/div>\n<\/div>\n<h4 class=\"qodef-accordion-title\">\n\t<span class=\"qodef-tab-title\">Modules and dates<\/span>\n\t<span class=\"qodef-accordion-mark\">\n\t\t<span class=\"qodef-icon--plus\"><\/span>\n\t\t<span class=\"qodef-icon--minus\"><\/span>\n\t<\/span>\n<\/h4>\n<div class=\"qodef-accordion-content\">\n\t<div class=\"qodef-accordion-content-inner\">\n\t\t<p>The training takes place from January to June 2026, one weekend per month. If you are unable to attend any of the modules in person, you will have the option of connecting online in real time or watching the recording.<\/p><p><strong>Philosophy of Yoga and Jivamukti Yoga -<\/strong> January 24 and 25.<\/p><p><strong>Anatomy and Alignment<\/strong>- February 21 and 22.<\/p><p><strong>Singing, Harmony and Meditation -<\/strong> March 14 and 15.<\/p><p><strong>The Art of Attending -<\/strong> April 18 and 19.<\/p><p><strong>Design and Sequencing -<\/strong> 16 i 17 de maig.<\/p><p><strong>Putting it all together -<\/strong> June 6 and 7.<\/p><p>Hours:<br \/>Saturday 9-18 (1h break)<br \/>Sunday 9-16 (30min break)<\/p>\t<\/div>\n<\/div>\n<h4 class=\"qodef-accordion-title\">\n\t<span class=\"qodef-tab-title\">How to apply<\/span>\n\t<span class=\"qodef-accordion-mark\">\n\t\t<span class=\"qodef-icon--plus\"><\/span>\n\t\t<span class=\"qodef-icon--minus\"><\/span>\n\t<\/span>\n<\/h4>\n<div class=\"qodef-accordion-content\">\n\t<div class=\"qodef-accordion-content-inner\">\n\t\t<p>If you are interested in applying for our training, please send us an email at <strong><a href=\"mailto:info@casadelmoviment.com\" target=\"_blank\" rel=\"noopener\">info@casadelmoviment.com<\/a><\/strong>.<\/p><p>You can reserve a place by transferring money to: Banco Santander.<\/p><p>Bank account: ES61 0075 0081 6706 0603 8187 (with your name + YTT in the subject)<\/p><p>Reserve price: \u20ac250<\/p><p>Applicants must be at least 18 years of age and disclose any significant medical conditions to course leaders\/organizers to ensure the safety and well-being of all students. All information shared will be kept confidential.<\/p>\t<\/div>\n<\/div>\n<h4 class=\"qodef-accordion-title\">\n\t<span class=\"qodef-tab-title\">Registrations open<\/span>\n\t<span class=\"qodef-accordion-mark\">\n\t\t<span class=\"qodef-icon--plus\"><\/span>\n\t\t<span class=\"qodef-icon--minus\"><\/span>\n\t<\/span>\n<\/h4>\n<div class=\"qodef-accordion-content\">\n\t<div class=\"qodef-accordion-content-inner\">\n\t\t<p>Applications will be open from November 2025. As places are limited, they will be awarded on a first-come, first-served basis provided that candidates meet all requirements.<\/p>\t<\/div>\n<\/div>\n<h4 class=\"qodef-accordion-title\">\n\t<span class=\"qodef-tab-title\">Fees<\/span>\n\t<span class=\"qodef-accordion-mark\">\n\t\t<span class=\"qodef-icon--plus\"><\/span>\n\t\t<span class=\"qodef-icon--minus\"><\/span>\n\t<\/span>\n<\/h4>\n<div class=\"qodef-accordion-content\">\n\t<div class=\"qodef-accordion-content-inner\">\n\t\t<p><strong>Early bird -<\/strong> \u20ac900* (available until 12\/27\/25)<\/p><p><strong>Regular price -<\/strong> 1,000\u20ac*<\/p><p><strong>Price per module -<\/strong> 200\u20ac<\/p><p>*Optional installment payment plan available for regular and advance rates. Individual modules do not receive certification.<\/p>\t<\/div>\n<\/div>\n<\/div>\n\t\t<\/div>\n\t\t\t\t<\/div>\n\t\t\t\t<div class=\"elementor-element elementor-element-b09377d elementor-widget elementor-widget-spacer\" data-id=\"b09377d\" data-element_type=\"widget\" data-widget_type=\"spacer.default\">\n\t\t\t\t<div class=\"elementor-widget-container\">\n\t\t\t\t\t<div class=\"elementor-spacer\">\n\t\t\t<div class=\"elementor-spacer-inner\"><\/div>\n\t\t<\/div>\n\t\t\t\t<\/div>\n\t\t\t\t<\/div>\n\t\t\t\t<div class=\"elementor-element elementor-element-a518c49 elementor-widget__width-auto elementor-widget elementor-widget-bluhen_core_button\" data-id=\"a518c49\" data-element_type=\"widget\" data-widget_type=\"bluhen_core_button.default\">\n\t\t\t\t<div class=\"elementor-widget-container\">\n\t\t\t<a class=\"qodef-shortcode qodef-m  qodef-button qodef-layout--filled qodef-size--large qodef-html--link qodef-shape--ellipse\" href=\"mailto:info@casadelmoviment.com\" target=\"_blank\"  >\n\t<span class=\"qodef-m-text\">Reserve a spot<\/span>\n<\/a>\n\t\t<\/div>\n\t\t\t\t<\/div>\n\t\t\t\t<div class=\"elementor-element elementor-element-bb64bb5 elementor-widget elementor-widget-spacer\" data-id=\"bb64bb5\" data-element_type=\"widget\" data-widget_type=\"spacer.default\">\n\t\t\t\t<div class=\"elementor-widget-container\">\n\t\t\t\t\t<div class=\"elementor-spacer\">\n\t\t\t<div class=\"elementor-spacer-inner\"><\/div>\n\t\t<\/div>\n\t\t\t\t<\/div>\n\t\t\t\t<\/div>\n\t\t\t\t<div class=\"elementor-element elementor-element-87f4769 animated-fast elementor-invisible elementor-widget elementor-widget-text-editor\" data-id=\"87f4769\" data-element_type=\"widget\" data-settings=\"{&quot;_animation&quot;:&quot;fadeIn&quot;,&quot;_animation_delay&quot;:200}\" data-widget_type=\"text-editor.default\">\n\t\t\t\t<div class=\"elementor-widget-container\">\n\t\t\t\t\t\t\t\t<div class=\"elementor-text-editor elementor-clearfix\">\n\t\t\t\t<p><span style=\"font-weight: 400;\">Do you have any additional questions or queries about our training?<br \/>Write to us at <\/span><strong><a href=\"mailto:info@casadelmoviment.com\" target=\"_blank\" rel=\"noopener\">info@casadelmoviment.com<\/a><\/strong><\/p>\t\t\t\t\t<\/div>\n\t\t\t\t\t\t<\/div>\n\t\t\t\t<\/div>\n\t\t\t\t\t\t<\/div>\n\t\t\t\t\t<\/div>\n\t\t<\/div>\n\t\t\t\t\t\t\t\t<\/div>\n\t\t\t\t\t<\/div>\n\t\t<\/section>\n\t\t\t\t<section data-particle_enable=\"false\" data-particle-mobile-disabled=\"false\" class=\"elementor-section elementor-top-section elementor-element elementor-element-7a761db elementor-hidden-mobile elementor-hidden-desktop elementor-hidden-tablet elementor-section-boxed elementor-section-height-default elementor-section-height-default\" data-id=\"7a761db\" data-element_type=\"section\">\n\t\t\t\t\t\t<div class=\"elementor-container elementor-column-gap-default\">\n\t\t\t\t\t\t\t<div class=\"elementor-row\">\n\t\t\t\t\t<div class=\"elementor-column elementor-col-100 elementor-top-column elementor-element elementor-element-2a4133b\" data-id=\"2a4133b\" data-element_type=\"column\" id=\"ytt-form\">\n\t\t\t<div class=\"elementor-column-wrap elementor-element-populated\">\n\t\t\t\t\t\t\t<div class=\"elementor-widget-wrap\">\n\t\t\t\t\t\t<section data-particle_enable=\"false\" data-particle-mobile-disabled=\"false\" class=\"elementor-section elementor-inner-section elementor-element elementor-element-8b69c54 elementor-section-boxed elementor-section-height-default elementor-section-height-default\" data-id=\"8b69c54\" data-element_type=\"section\">\n\t\t\t\t\t\t<div class=\"elementor-container elementor-column-gap-default\">\n\t\t\t\t\t\t\t<div class=\"elementor-row\">\n\t\t\t\t\t<div class=\"elementor-column elementor-col-50 elementor-inner-column elementor-element elementor-element-122093f\" data-id=\"122093f\" data-element_type=\"column\">\n\t\t\t<div class=\"elementor-column-wrap elementor-element-populated\">\n\t\t\t\t\t\t\t<div class=\"elementor-widget-wrap\">\n\t\t\t\t\t\t<div class=\"elementor-element elementor-element-892bd3a elementor-widget elementor-widget-heading\" data-id=\"892bd3a\" data-element_type=\"widget\" data-widget_type=\"heading.default\">\n\t\t\t\t<div class=\"elementor-widget-container\">\n\t\t\t<h4 class=\"elementor-heading-title elementor-size-default\">\u00danete a nuestro YTT<\/h4>\t\t<\/div>\n\t\t\t\t<\/div>\n\t\t\t\t<div class=\"elementor-element elementor-element-eeab15e animated-fast elementor-invisible elementor-widget elementor-widget-text-editor\" data-id=\"eeab15e\" data-element_type=\"widget\" data-settings=\"{&quot;_animation&quot;:&quot;fadeIn&quot;,&quot;_animation_delay&quot;:200}\" data-widget_type=\"text-editor.default\">\n\t\t\t\t<div class=\"elementor-widget-container\">\n\t\t\t\t\t\t\t\t<div class=\"elementor-text-editor elementor-clearfix\">\n\t\t\t\t<p>Completa el siguiente formulario para registrarte en la formaci\u00f3n o solicitar m\u00e1s informaci\u00f3n.<\/p>\t\t\t\t\t<\/div>\n\t\t\t\t\t\t<\/div>\n\t\t\t\t<\/div>\n\t\t\t\t\t\t<\/div>\n\t\t\t\t\t<\/div>\n\t\t<\/div>\n\t\t\t\t<div class=\"elementor-column elementor-col-50 elementor-inner-column elementor-element elementor-element-a493c51\" data-id=\"a493c51\" data-element_type=\"column\" data-settings=\"{&quot;background_background&quot;:&quot;classic&quot;}\">\n\t\t\t<div class=\"elementor-column-wrap\">\n\t\t\t\t\t\t\t<div class=\"elementor-widget-wrap\">\n\t\t\t\t\t\t\t\t<\/div>\n\t\t\t\t\t<\/div>\n\t\t<\/div>\n\t\t\t\t\t\t\t\t<\/div>\n\t\t\t\t\t<\/div>\n\t\t<\/section>\n\t\t\t\t\t\t<\/div>\n\t\t\t\t\t<\/div>\n\t\t<\/div>\n\t\t\t\t\t\t\t\t<\/div>\n\t\t\t\t\t<\/div>\n\t\t<\/section>\n\t\t\t\t\t\t<\/div>\n\t\t\t\t\t\t<\/div>\n\t\t\t\t\t<\/div>","protected":false},"excerpt":{"rendered":"<p>100h Formaci\u00f3 de professors de ioga Reserva un lloc Formaci\u00f3 de ioga integral i modular impartida per Raquel Mir\u00f3 i professors convidats. Consta de sis m\u00f2duls que aprofundeixen en cadascun dels fonaments del ioga. Els professors convidats us guiaran a trav\u00e9s de la Filosofia del Ioga i Jivamukti Ioga, l&#8217;art d&#8217;assistir, asanes i anatomia, seq\u00fcenciaci\u00f3, [&hellip;]<\/p>","protected":false},"author":2,"featured_media":7717,"parent":0,"menu_order":0,"comment_status":"closed","ping_status":"closed","template":"page-full-width.php","meta":{"footnotes":""},"class_list":["post-8474","page","type-page","status-publish","has-post-thumbnail","hentry"],"blog_post_layout_featured_media_urls":{"thumbnail":["https:\/\/www.casadelmoviment.com\/wp-content\/uploads\/2023\/06\/Casa-del-Moviment-11-150x150.jpg",150,150,true],"full":["https:\/\/www.casadelmoviment.com\/wp-content\/uploads\/2023\/06\/Casa-del-Moviment-11-scaled.jpg",2560,2048,false]},"categories_names":null,"comments_number":"0","_links":{"self":[{"href":"https:\/\/www.casadelmoviment.com\/en\/wp-json\/wp\/v2\/pages\/8474","targetHints":{"allow":["GET"]}}],"collection":[{"href":"https:\/\/www.casadelmoviment.com\/en\/wp-json\/wp\/v2\/pages"}],"about":[{"href":"https:\/\/www.casadelmoviment.com\/en\/wp-json\/wp\/v2\/types\/page"}],"author":[{"embeddable":true,"href":"https:\/\/www.casadelmoviment.com\/en\/wp-json\/wp\/v2\/users\/2"}],"replies":[{"embeddable":true,"href":"https:\/\/www.casadelmoviment.com\/en\/wp-json\/wp\/v2\/comments?post=8474"}],"version-history":[{"count":115,"href":"https:\/\/www.casadelmoviment.com\/en\/wp-json\/wp\/v2\/pages\/8474\/revisions"}],"predecessor-version":[{"id":11158,"href":"https:\/\/www.casadelmoviment.com\/en\/wp-json\/wp\/v2\/pages\/8474\/revisions\/11158"}],"wp:featuredmedia":[{"embeddable":true,"href":"https:\/\/www.casadelmoviment.com\/en\/wp-json\/wp\/v2\/media\/7717"}],"wp:attachment":[{"href":"https:\/\/www.casadelmoviment.com\/en\/wp-json\/wp\/v2\/media?parent=8474"}],"curies":[{"name":"wp","href":"https:\/\/api.w.org\/{rel}","templated":true}]}}