{"id":10365,"date":"2025-11-07T15:50:16","date_gmt":"2025-11-07T14:50:16","guid":{"rendered":"https:\/\/www.casadelmoviment.com\/?page_id=10365"},"modified":"2026-01-16T09:47:37","modified_gmt":"2026-01-16T08:47:37","slug":"terminos-y-condiciones-de-contratacion","status":"publish","type":"page","link":"https:\/\/www.casadelmoviment.com\/es\/terminos-y-condiciones-de-contratacion\/","title":{"rendered":"T\u00e9rminos y Condiciones de Contrataci\u00f3n"},"content":{"rendered":"<div data-elementor-type=\"wp-page\" data-elementor-id=\"10365\" class=\"elementor elementor-10365\" data-elementor-settings=\"[]\">\n\t\t\t\t\t\t<div class=\"elementor-inner\">\n\t\t\t\t\t\t\t<div class=\"elementor-section-wrap\">\n\t\t\t\t\t\t\t<section data-particle_enable=\"false\" data-particle-mobile-disabled=\"false\" class=\"elementor-section elementor-top-section elementor-element elementor-element-27679996 qodef-elementor-content-grid elementor-section-boxed elementor-section-height-default elementor-section-height-default\" data-id=\"27679996\" data-element_type=\"section\" data-settings=\"{&quot;background_background&quot;:&quot;classic&quot;}\">\n\t\t\t\t\t\t<div class=\"elementor-container elementor-column-gap-wide\">\n\t\t\t\t\t\t\t<div class=\"elementor-row\">\n\t\t\t\t\t<div class=\"elementor-column elementor-col-100 elementor-top-column elementor-element elementor-element-3880e4cf\" data-id=\"3880e4cf\" data-element_type=\"column\">\n\t\t\t<div class=\"elementor-column-wrap elementor-element-populated\">\n\t\t\t\t\t\t\t<div class=\"elementor-widget-wrap\">\n\t\t\t\t\t\t<div class=\"elementor-element elementor-element-286e094e elementor-widget elementor-widget-text-editor\" data-id=\"286e094e\" data-element_type=\"widget\" data-widget_type=\"text-editor.default\">\n\t\t\t\t<div class=\"elementor-widget-container\">\n\t\t\t\t\t\t\t\t<div class=\"elementor-text-editor elementor-clearfix\">\n\t\t\t\t<p class=\"p2\"><b>1. Identificaci\u00f3n del titular<\/b><\/p><p class=\"p1\">En cumplimiento de la Ley 34\/2002, de 11 de julio, de Servicios de la Sociedad de la Informaci\u00f3n y del Comercio Electr\u00f3nico (LSSI-CE), se informa que el presente sitio web\u00a0<a href=\"https:\/\/www.casadelmoviment.com\/es\/\"><span class=\"s1\"><b>www.casadelmoviment.com<\/b><\/span><\/a> es propiedad de:<\/p><ul><li class=\"li3\"><b>Responsables:<\/b> Raquel Mir\u00f3 Roca y Carl Staaf<\/li><li class=\"li3\"><b>NIFs:<\/b> 53033785V y Y5715607Y<\/li><li class=\"p1\"><b>Domicilio:\u00a0<\/b>Carrer Sepulveda 32, 08015 Barcelona<\/li><li class=\"p1\"><b>Correo electr\u00f3nico:<\/b>\u00a0<a href=\"mailto:info@casadelmoviment.com\"><span class=\"s1\">info@casadelmoviment.com<\/span><\/a><\/li><\/ul><p class=\"p2\"><b>2. Objeto<\/b><\/p><p class=\"p1\">Las presentes condiciones regulan el acceso y contrataci\u00f3n de los servicios y productos ofrecidos a trav\u00e9s del sitio web\u00a0<a href=\"https:\/\/www.casadelmoviment.com\/es\/\"><span class=\"s1\"><b>www.casadelmoviment.com<\/b><\/span><\/a>, propiedad de Raquel Mir\u00f3 Movimiento.<br \/>A trav\u00e9s de este sitio web, Casa del Moviment ofrece la venta de formaciones de yoga, retiros presenciales y productos f\u00edsicos como camisetas y alfombrillas.<\/p><p class=\"p2\"><b>3. Aceptaci\u00f3n de las condiciones<\/b><\/p><p class=\"p1\">La contrataci\u00f3n de los productos o servicios implica la plena aceptaci\u00f3n y sin reservas de las presentes condiciones.<br \/>Casa del Movimiento se reserva el derecho de modificar o actualizar estas condiciones en cualquier momento, sin que ello afecte a las compras realizadas con anterioridad.<\/p><p class=\"p2\"><b>4. Productos y servicios<\/b><\/p><p class=\"p1\">Casa del Movimiento ofrece:<\/p><ul><li><b>Formaciones de yoga:<\/b>\u00a0cursos presenciales u online con fechas, duraci\u00f3n y caracter\u00edsticas indicadas en cada ficha.<\/li><li><b>Retiros de yoga:<\/b>\u00a0experiencias presenciales con alojamiento y actividades seg\u00fan descripci\u00f3n publicada.<\/li><li><b>Productos f\u00edsicos:<\/b> camisetas y alfombrillas de yoga.<\/li><li><b>Clases y entrenamientos<\/b><\/li><\/ul><p class=\"p1\">Cada producto o servicio se presenta con su descripci\u00f3n, precio (IVA incluido) y condiciones espec\u00edficas.<\/p><p class=\"p2\"><b>5. Disponibilidad<\/b><\/p><p class=\"p1\">En el caso de productos f\u00edsicos, la disponibilidad est\u00e1 sujeta a stock. Si despu\u00e9s de la compra no hubiera disponibilidad, se notificar\u00e1 al cliente para ofrecer una alternativa o el reembolso \u00edntegro.<br \/>En el caso de formaciones y retiros, el n\u00famero de plazas es limitado y se asignan por orden de inscripci\u00f3n.<\/p><p class=\"p2\"><b>6. Precios y formas de pago<\/b><\/p><p class=\"p1\">Todos los precios se expresan en euros (\u20ac) e incluyen el IVA correspondiente.<br \/>El pago se realiza a trav\u00e9s de<b>TPV virtual seguro<\/b>, mediante\u00a0<b>tarjeta bancaria<\/b>.<br \/>Casa del Moviment no almacena en ning\u00fan caso los datos de las tarjetas de los clientes.<\/p><p class=\"p2\"><b>7. Proceso de compra<\/b><\/p><p class=\"p1\">Para realizar una compra, el usuario deber\u00e1:<\/p><ol class=\"ol1\"><li class=\"li1\">Seleccionar el producto o servicio deseado.<\/li><li class=\"li1\">A\u00f1adirlo a la cesta de la compra.<\/li><li class=\"li1\">Completar los datos de facturaci\u00f3n y env\u00edo (si se aplica).<\/li><li class=\"li1\">Realizar el pago mediante tarjeta bancaria.<\/li><\/ol><p class=\"p1\">Una vez completado el pago, el cliente recibir\u00e1 un correo electr\u00f3nico de confirmaci\u00f3n del pedido o inscripci\u00f3n.<\/p><p class=\"p2\"><b>8. Env\u00edos y entregas<\/b><\/p><p class=\"p1\">Los productos f\u00edsicos se enviar\u00e1n\u00a0<b>\u00fanicamente dentro de la pen\u00ednsula ib\u00e9rica<\/b>, mediante empresas de mensajer\u00eda.<\/p><ul class=\"ul1\"><li class=\"li1\"><b>Plazo de entrega estimado:<\/b>\u00a0entre 3 y 7 d\u00edas laborables.<\/li><li class=\"li1\"><b>Gastos de env\u00edo:<\/b>\u00a0se indicar\u00e1n durante el proceso de compra antes de finalizar el pedido.<\/li><\/ul><p class=\"p1\">En caso de retraso por causas ajenas a Casa del Movimiento, se informar\u00e1 al cliente lo antes posible.<\/p><p class=\"p2\"><b>9. Pol\u00edtica de cancelaci\u00f3n y devoluciones<\/b><\/p><p class=\"p2\"><b>a) Productes f\u00edsics<\/b><\/p><p class=\"p1\">El cliente dispone de un\u00a0<b>plazo de 14 d\u00edas naturales<\/b>\u00a0desde la recepci\u00f3n del pedido para ejercer el\u00a0<b>derecho de desistimiento<\/b>, siempre que el producto se devuelva en su estado original, sin utilizar y con su embalaje completo.<br \/>Los gastos de devoluci\u00f3n corren a cargo del cliente, salvo error o defecto del producto.<\/p><p class=\"p2\"><b>b) Formaciones y retiros<\/b><\/p><p class=\"p1\">En las\u00a0<b>formaciones y retiros<\/b>, el cliente podr\u00e1 cancelar la inscripci\u00f3n con las siguientes condiciones:<\/p><ul class=\"ul1\"><li class=\"li1\">Cancelaci\u00f3n con m\u00e1s de 30 d\u00edas de antelaci\u00f3n: devoluci\u00f3n del 80% del importe.<\/li><li class=\"li1\">Cancelaci\u00f3n entre 15 y 30 d\u00edas antes del inicio: devoluci\u00f3n del 50%.<\/li><li class=\"li1\">Cancelaci\u00f3n con menos de 15 d\u00edas: no se realizar\u00e1 devoluci\u00f3n.<\/li><\/ul><p class=\"p1\">En caso de cancelaci\u00f3n del evento por parte de Casa del Moviment, se reembolsar\u00e1 el 100% de las cantidades abonadas.<\/p><p class=\"p2\"><b>10. Garant\u00edas<\/b><\/p><p class=\"p1\">Los productos f\u00edsicos est\u00e1n cubiertos por la garant\u00eda legal de dos a\u00f1os frente a defectos de fabricaci\u00f3n.<br \/>Para reclamar una garant\u00eda, el cliente deber\u00e1 contactar con <a href=\"mailto:info@casadelmoviment.com\"><span class=\"s1\"><b>info@casadelmoviment.com<\/b><\/span><\/a>, indicando el n\u00famero de pedido y el motivo de la reclamaci\u00f3n.<\/p><p class=\"p2\"><b>11. Responsabilidad<\/b><\/p><p class=\"p1\">Casa del Movimiento no se hace responsable de:<\/p><ul class=\"ul1\"><li class=\"li1\">Interrupciones del servicio causadas por mantenimiento, aver\u00edas o causas de fuerza mayor.<\/li><li class=\"li1\">Da\u00f1os derivados de un uso inadecuado de los productos o falta de atenci\u00f3n a las instrucciones proporcionadas.<\/li><\/ul><p class=\"p2\"><b>12. Protecci\u00f3n de datos<\/b><\/p><p class=\"p1\">El tratamiento de los datos personales se realiza de acuerdo con el <b>Reglamento (UE) 2016\/679 (RGPD)<\/b>\u00a0y la\u00a0<b>Ley Org\u00e1nica 3\/2018 (LOPDGDD)<\/b>. Puedes consultar todos los detalles en la nuestra\u00a0<a href=\"https:\/\/www.casadelmoviment.com\/es\/politica-de-privacidad\/\"><b>Pol\u00edtica de Privacidad<\/b><\/a>.<\/p><p class=\"p2\"><b>13. Propietat intel\u00b7lectual<\/b><\/p><p class=\"p1\">Todos los contenidos del sitio web (textos, im\u00e1genes, logotipos, dise\u00f1o y materiales) son propiedad de Casa del Moviment o de sus respectivos titulares.<br \/>Queda prohibida su reproducci\u00f3n, distribuci\u00f3n o comunicaci\u00f3n p\u00fablica sin autorizaci\u00f3n expresa.<\/p><p class=\"p2\"><b>14. Legislaci\u00f3n aplicable y jurisdicci\u00f3n<\/b><\/p><p class=\"p1\">Las presentes condiciones se rigen por la legislaci\u00f3n espa\u00f1ola.<br \/>En caso de conflicto, las partes se someter\u00e1n a los juzgados y tribunales del\u00a0<b>domicilio del consumidor<\/b>\u00a0o, si no, los de\u00a0<b>Barcelona<\/b>.<\/p><p class=\"p2\"><b>15. Contacto<\/b><\/p><p class=\"p1\">Para cualquier duda o incidencia relacionada con la contrataci\u00f3n, el cliente puede escribir en:\u00a0<a href=\"mailto:info@casadelmoviment.com\"><span class=\"s1\"><b>info@casadelmoviment.com<\/b><\/span><\/a><b>\u00a0<\/b><\/p><p><b>\u00daltima actualizaci\u00f3n:<\/b> 7 de Noviembre, 2025<\/p>\t\t\t\t\t<\/div>\n\t\t\t\t\t\t<\/div>\n\t\t\t\t<\/div>\n\t\t\t\t\t\t<\/div>\n\t\t\t\t\t<\/div>\n\t\t<\/div>\n\t\t\t\t\t\t\t\t<\/div>\n\t\t\t\t\t<\/div>\n\t\t<\/section>\n\t\t\t\t\t\t<\/div>\n\t\t\t\t\t\t<\/div>\n\t\t\t\t\t<\/div>","protected":false},"excerpt":{"rendered":"<p>1. Identificaci\u00f3 del titular En compliment de la Llei 34\/2002, de 11 de juliol, de Serveis de la Societat de la Informaci\u00f3 i del Comer\u00e7 Electr\u00f2nic (LSSI-CE), s&#8217;informa que el present lloc web\u00a0www.casadelmoviment.com \u00e9s propietat de: Responsables: Raquel Mir\u00f3 Roca y Carl Staaf NIFs: 53033785V y Y5715607Y Domicili:\u00a0Carrer Sepulveda 32, 08015 Barcelona Correu electr\u00f2nic:\u00a0info@casadelmoviment.com 2. [&hellip;]<\/p>","protected":false},"author":2,"featured_media":0,"parent":0,"menu_order":0,"comment_status":"closed","ping_status":"closed","template":"page-full-width.php","meta":{"footnotes":""},"class_list":["post-10365","page","type-page","status-publish","hentry"],"blog_post_layout_featured_media_urls":{"thumbnail":"","full":""},"categories_names":null,"comments_number":"0","_links":{"self":[{"href":"https:\/\/www.casadelmoviment.com\/es\/wp-json\/wp\/v2\/pages\/10365","targetHints":{"allow":["GET"]}}],"collection":[{"href":"https:\/\/www.casadelmoviment.com\/es\/wp-json\/wp\/v2\/pages"}],"about":[{"href":"https:\/\/www.casadelmoviment.com\/es\/wp-json\/wp\/v2\/types\/page"}],"author":[{"embeddable":true,"href":"https:\/\/www.casadelmoviment.com\/es\/wp-json\/wp\/v2\/users\/2"}],"replies":[{"embeddable":true,"href":"https:\/\/www.casadelmoviment.com\/es\/wp-json\/wp\/v2\/comments?post=10365"}],"version-history":[{"count":28,"href":"https:\/\/www.casadelmoviment.com\/es\/wp-json\/wp\/v2\/pages\/10365\/revisions"}],"predecessor-version":[{"id":11003,"href":"https:\/\/www.casadelmoviment.com\/es\/wp-json\/wp\/v2\/pages\/10365\/revisions\/11003"}],"wp:attachment":[{"href":"https:\/\/www.casadelmoviment.com\/es\/wp-json\/wp\/v2\/media?parent=10365"}],"curies":[{"name":"wp","href":"https:\/\/api.w.org\/{rel}","templated":true}]}}