{"id":10387,"date":"2025-11-07T16:30:19","date_gmt":"2025-11-07T15:30:19","guid":{"rendered":"https:\/\/www.casadelmoviment.com\/?page_id=10387"},"modified":"2026-01-16T09:48:16","modified_gmt":"2026-01-16T08:48:16","slug":"aviso-legal","status":"publish","type":"page","link":"https:\/\/www.casadelmoviment.com\/es\/aviso-legal\/","title":{"rendered":"Aviso Legal"},"content":{"rendered":"<div data-elementor-type=\"wp-page\" data-elementor-id=\"10387\" class=\"elementor elementor-10387\" data-elementor-settings=\"[]\">\n\t\t\t\t\t\t<div class=\"elementor-inner\">\n\t\t\t\t\t\t\t<div class=\"elementor-section-wrap\">\n\t\t\t\t\t\t\t<section data-particle_enable=\"false\" data-particle-mobile-disabled=\"false\" class=\"elementor-section elementor-top-section elementor-element elementor-element-3c257686 qodef-elementor-content-grid elementor-section-boxed elementor-section-height-default elementor-section-height-default\" data-id=\"3c257686\" data-element_type=\"section\" data-settings=\"{&quot;background_background&quot;:&quot;classic&quot;}\">\n\t\t\t\t\t\t<div class=\"elementor-container elementor-column-gap-wide\">\n\t\t\t\t\t\t\t<div class=\"elementor-row\">\n\t\t\t\t\t<div class=\"elementor-column elementor-col-100 elementor-top-column elementor-element elementor-element-58a6d752\" data-id=\"58a6d752\" data-element_type=\"column\">\n\t\t\t<div class=\"elementor-column-wrap elementor-element-populated\">\n\t\t\t\t\t\t\t<div class=\"elementor-widget-wrap\">\n\t\t\t\t\t\t<div class=\"elementor-element elementor-element-6873fe00 elementor-widget elementor-widget-text-editor\" data-id=\"6873fe00\" data-element_type=\"widget\" data-widget_type=\"text-editor.default\">\n\t\t\t\t<div class=\"elementor-widget-container\">\n\t\t\t\t\t\t\t\t<div class=\"elementor-text-editor elementor-clearfix\">\n\t\t\t\t<p class=\"p1\"><b>1. Datos identificativos<\/b><\/p><p class=\"p2\">En cumplimiento con el deber de informaci\u00f3n establecido en la Ley 34\/2002, de 11 de julio, de Servicios de la Sociedad de la Informaci\u00f3n y del Comercio Electr\u00f3nico (LSSI-CE), se facilitan los siguientes datos:<\/p><ul class=\"ul1\"><li class=\"li3\"><b>Responsables:<\/b> Raquel Mir\u00f3 Roca y Carl Staaf<\/li><li class=\"li3\"><b>NIFs:<\/b> 53033785V y Y5715607Y<\/li><li class=\"li2\"><b>Nombre comercial:<\/b> Casa del Movimiento<\/li><li class=\"li2\"><b>Domicilio:<\/b> Carrer de Sep\u00falveda 32, 08015 Barcelona, Espa\u00f1a<\/li><li class=\"li2\"><b>Correo electr\u00f3nico:<\/b> <a href=\"mailto:info@casadelmoviment.com\"><span class=\"s1\">info@casadelmoviment.com<\/span><\/a><\/li><li class=\"li2\"><b>Sitio web:<\/b> <a href=\"https:\/\/www.casadelmoviment.com\/es\/\"><span class=\"s2\">www.casadelmoviment.com<\/span><\/a><\/li><\/ul><p class=\"p1\"><b>2. Objeto del sitio web<\/b><\/p><p class=\"p2\">El presente sitio web tiene por objeto ofrecer informaci\u00f3n y servicios relacionados con la pr\u00e1ctica del yoga, as\u00ed como la venta de formaciones, remansos y productos vinculados a esta disciplina.<\/p><p class=\"p1\"><b>3. Condiciones de uso<\/b><\/p><p class=\"p2\">El acceso y uso del sitio web atribuye la condici\u00f3n de usuario e implica la aceptaci\u00f3n plena y sin reservas de las presentes condiciones.<br \/>El usuario se compromete a utilizar el sitio web, sus servicios y contenidos de acuerdo con la ley, la moral, las buenas costumbres y el orden p\u00fablico.<\/p><p class=\"p1\"><b>4. Propiedad intelectual e industrial<\/b><\/p><p class=\"p2\">Todos los contenidos del sitio web (textos, im\u00e1genes, logotipos, gr\u00e1ficos, v\u00eddeos, dise\u00f1o, c\u00f3digo fuente, etc.) son propiedad de Casa del Moviment o de sus respectivos titulares, y est\u00e1n protegidos por la normativa nacional e internacional de propiedad intelectual e industrial.<br \/>Queda prohibida la reproducci\u00f3n, distribuci\u00f3n o transformaci\u00f3n de los contenidos sin autorizaci\u00f3n expresa.<\/p><p class=\"p1\"><b>5. Enlaces externos<\/b><\/p><p class=\"p2\">En el sitio web se pueden incluir enlaces a sitios web de terceros. Casa del Movimiento no se hace responsable del contenido ni de las pol\u00edticas de privacidad de estos sitios externos.<\/p><p class=\"p1\"><b>6. Exenci\u00f3n de responsabilidad<\/b><\/p><p class=\"p2\">Casa del Movimiento no se hace responsable de los da\u00f1os o perjuicios derivados del uso de la informaci\u00f3n contenida en este sitio, ni de posibles errores u omisiones.<br \/>Tampoco garantiza la disponibilidad permanente del servicio.<\/p><p class=\"p1\"><b>7. Legislaci\u00f3n y jurisdicci\u00f3n aplicable<\/b><\/p><p class=\"p2\">El presente Aviso Legal se rige por la legislaci\u00f3n espa\u00f1ola. Cualquier controversia se someter\u00e1 a los juzgados y tribunales del domicilio del consumidor o, en su defecto, de Barcelona.<\/p><p><b>\u00daltima actualizaci\u00f3n:<\/b> 7 de Enero 2026<\/p>\t\t\t\t\t<\/div>\n\t\t\t\t\t\t<\/div>\n\t\t\t\t<\/div>\n\t\t\t\t\t\t<\/div>\n\t\t\t\t\t<\/div>\n\t\t<\/div>\n\t\t\t\t\t\t\t\t<\/div>\n\t\t\t\t\t<\/div>\n\t\t<\/section>\n\t\t\t\t\t\t<\/div>\n\t\t\t\t\t\t<\/div>\n\t\t\t\t\t<\/div>","protected":false},"excerpt":{"rendered":"<p>1. Dades identificatives En compliment amb el deure informaci\u00f3 establert a la Llei 34\/2002, d&#8217;11 de juliol, de Serveis de la Societat de la Informaci\u00f3 i del Comer\u00e7 Electr\u00f2nic (LSSI-CE), es faciliten les dades seg\u00fcents: Responsables: Raquel Mir\u00f3 Roca y Carl Staaf NIFs: 53033785V y Y5715607Y Nom comercial: Casa del Moviment Domicili: Carrer de Sep\u00falveda [&hellip;]<\/p>","protected":false},"author":2,"featured_media":0,"parent":0,"menu_order":0,"comment_status":"closed","ping_status":"closed","template":"page-full-width.php","meta":{"footnotes":""},"class_list":["post-10387","page","type-page","status-publish","hentry"],"blog_post_layout_featured_media_urls":{"thumbnail":"","full":""},"categories_names":null,"comments_number":"0","_links":{"self":[{"href":"https:\/\/www.casadelmoviment.com\/es\/wp-json\/wp\/v2\/pages\/10387","targetHints":{"allow":["GET"]}}],"collection":[{"href":"https:\/\/www.casadelmoviment.com\/es\/wp-json\/wp\/v2\/pages"}],"about":[{"href":"https:\/\/www.casadelmoviment.com\/es\/wp-json\/wp\/v2\/types\/page"}],"author":[{"embeddable":true,"href":"https:\/\/www.casadelmoviment.com\/es\/wp-json\/wp\/v2\/users\/2"}],"replies":[{"embeddable":true,"href":"https:\/\/www.casadelmoviment.com\/es\/wp-json\/wp\/v2\/comments?post=10387"}],"version-history":[{"count":22,"href":"https:\/\/www.casadelmoviment.com\/es\/wp-json\/wp\/v2\/pages\/10387\/revisions"}],"predecessor-version":[{"id":11006,"href":"https:\/\/www.casadelmoviment.com\/es\/wp-json\/wp\/v2\/pages\/10387\/revisions\/11006"}],"wp:attachment":[{"href":"https:\/\/www.casadelmoviment.com\/es\/wp-json\/wp\/v2\/media?parent=10387"}],"curies":[{"name":"wp","href":"https:\/\/api.w.org\/{rel}","templated":true}]}}