{"id":8474,"date":"2023-06-21T11:09:02","date_gmt":"2023-06-21T09:09:02","guid":{"rendered":"https:\/\/www.casadelmoviment.com\/?page_id=8474"},"modified":"2026-01-21T22:10:26","modified_gmt":"2026-01-21T21:10:26","slug":"yoga-teacher-training","status":"publish","type":"page","link":"https:\/\/www.casadelmoviment.com\/es\/yoga-teacher-training\/","title":{"rendered":"Yoga Teacher Training"},"content":{"rendered":"<div data-elementor-type=\"wp-page\" data-elementor-id=\"8474\" class=\"elementor elementor-8474\" data-elementor-settings=\"[]\">\n\t\t\t\t\t\t<div class=\"elementor-inner\">\n\t\t\t\t\t\t\t<div class=\"elementor-section-wrap\">\n\t\t\t\t\t\t\t<section data-particle_enable=\"false\" data-particle-mobile-disabled=\"false\" class=\"elementor-section elementor-top-section elementor-element elementor-element-cd5ff05 elementor-section-height-full elementor-section-boxed elementor-section-height-default elementor-section-items-middle\" data-id=\"cd5ff05\" data-element_type=\"section\" data-settings=\"{&quot;background_background&quot;:&quot;slideshow&quot;,&quot;background_slideshow_gallery&quot;:[{&quot;id&quot;:7715,&quot;url&quot;:&quot;https:\\\/\\\/www.casadelmoviment.com\\\/wp-content\\\/uploads\\\/2023\\\/06\\\/Casa-del-Moviment-11-scaled.jpg&quot;}],&quot;background_slideshow_slide_duration&quot;:5000,&quot;background_slideshow_slide_transition&quot;:&quot;fade&quot;,&quot;background_slideshow_transition_duration&quot;:500}\">\n\t\t\t\t\t\t\t<div class=\"elementor-background-overlay\"><\/div>\n\t\t\t\t\t\t\t<div class=\"elementor-container elementor-column-gap-default\">\n\t\t\t\t\t\t\t<div class=\"elementor-row\">\n\t\t\t\t\t<div class=\"elementor-column elementor-col-100 elementor-top-column elementor-element elementor-element-73caf32 elementor-invisible\" data-id=\"73caf32\" data-element_type=\"column\" data-settings=\"{&quot;background_background&quot;:&quot;slideshow&quot;,&quot;animation&quot;:&quot;fadeIn&quot;,&quot;background_slideshow_ken_burns&quot;:&quot;yes&quot;,&quot;background_slideshow_gallery&quot;:[],&quot;background_slideshow_loop&quot;:&quot;yes&quot;,&quot;background_slideshow_slide_duration&quot;:5000,&quot;background_slideshow_slide_transition&quot;:&quot;fade&quot;,&quot;background_slideshow_transition_duration&quot;:500,&quot;background_slideshow_ken_burns_zoom_direction&quot;:&quot;in&quot;}\">\n\t\t\t<div class=\"elementor-column-wrap elementor-element-populated\">\n\t\t\t\t\t\t\t<div class=\"elementor-widget-wrap\">\n\t\t\t\t\t\t<div class=\"elementor-element elementor-element-d3db50d elementor-invisible elementor-widget elementor-widget-bluhen_core_section_title\" data-id=\"d3db50d\" data-element_type=\"widget\" data-settings=\"{&quot;_animation&quot;:&quot;fadeIn&quot;}\" data-widget_type=\"bluhen_core_section_title.default\">\n\t\t\t\t<div class=\"elementor-widget-container\">\n\t\t\t<div class=\"qodef-shortcode qodef-m  qodef-section-title qodef-alignment--center\">\n\t\t<h1 class=\"qodef-m-title\" style=\"color: #FFFFF8\">\n\t\t\t\t\t100h\t\t\t<\/h1>\n\t<\/div>\n\t\t<\/div>\n\t\t\t\t<\/div>\n\t\t\t\t<div class=\"elementor-element elementor-element-5a48386 elementor-invisible elementor-widget elementor-widget-bluhen_core_section_title\" data-id=\"5a48386\" data-element_type=\"widget\" data-settings=\"{&quot;_animation&quot;:&quot;fadeIn&quot;}\" data-widget_type=\"bluhen_core_section_title.default\">\n\t\t\t\t<div class=\"elementor-widget-container\">\n\t\t\t<div class=\"qodef-shortcode qodef-m  qodef-section-title qodef-alignment--center\">\n\t\t<h3 class=\"qodef-m-title\" style=\"color: #FFFFF8\">\n\t\t\t\t\tFormaci\u00f3n de profesores de yoga\t\t\t<\/h3>\n\t<\/div>\n\t\t<\/div>\n\t\t\t\t<\/div>\n\t\t\t\t<div class=\"elementor-element elementor-element-9aa0ad8 elementor-widget elementor-widget-spacer\" data-id=\"9aa0ad8\" data-element_type=\"widget\" data-widget_type=\"spacer.default\">\n\t\t\t\t<div class=\"elementor-widget-container\">\n\t\t\t\t\t<div class=\"elementor-spacer\">\n\t\t\t<div class=\"elementor-spacer-inner\"><\/div>\n\t\t<\/div>\n\t\t\t\t<\/div>\n\t\t\t\t<\/div>\n\t\t\t\t<div class=\"elementor-element elementor-element-2d04036 elementor-widget__width-auto elementor-widget elementor-widget-bluhen_core_button\" data-id=\"2d04036\" data-element_type=\"widget\" data-widget_type=\"bluhen_core_button.default\">\n\t\t\t\t<div class=\"elementor-widget-container\">\n\t\t\t<a class=\"qodef-shortcode qodef-m  qodef-button qodef-layout--filled qodef-size--large qodef-html--link qodef-shape--ellipse\" href=\"mailto:info@casadelmoviment.com\" target=\"_blank\"  >\n\t<span class=\"qodef-m-text\">Reserva un sitio<\/span>\n<\/a>\n\t\t<\/div>\n\t\t\t\t<\/div>\n\t\t\t\t\t\t<\/div>\n\t\t\t\t\t<\/div>\n\t\t<\/div>\n\t\t\t\t\t\t\t\t<\/div>\n\t\t\t\t\t<\/div>\n\t\t<\/section>\n\t\t\t\t<section data-particle_enable=\"false\" data-particle-mobile-disabled=\"false\" class=\"elementor-section elementor-top-section elementor-element elementor-element-053a69a qodef-elementor-content-grid elementor-section-boxed elementor-section-height-default elementor-section-height-default\" data-id=\"053a69a\" data-element_type=\"section\" data-settings=\"{&quot;background_background&quot;:&quot;classic&quot;}\">\n\t\t\t\t\t\t<div class=\"elementor-container elementor-column-gap-default\">\n\t\t\t\t\t\t\t<div class=\"elementor-row\">\n\t\t\t\t\t<div class=\"elementor-column elementor-col-100 elementor-top-column elementor-element elementor-element-0130238\" data-id=\"0130238\" data-element_type=\"column\">\n\t\t\t<div class=\"elementor-column-wrap elementor-element-populated\">\n\t\t\t\t\t\t\t<div class=\"elementor-widget-wrap\">\n\t\t\t\t\t\t<div class=\"elementor-element elementor-element-1e70d03 animated-fast elementor-invisible elementor-widget elementor-widget-text-editor\" data-id=\"1e70d03\" data-element_type=\"widget\" data-settings=\"{&quot;_animation&quot;:&quot;fadeIn&quot;,&quot;_animation_delay&quot;:200}\" data-widget_type=\"text-editor.default\">\n\t\t\t\t<div class=\"elementor-widget-container\">\n\t\t\t\t\t\t\t\t<div class=\"elementor-text-editor elementor-clearfix\">\n\t\t\t\t<p>Formaci\u00f3n de yoga integral y modular impartida por Raquel Mir\u00f3 y profesores invitados. Consta de seis m\u00f3dulos que profundizan en cada uno de los cimientos del yoga. Los profesores invitados le guiar\u00e1n a trav\u00e9s de la Filosof\u00eda del Yoga y Jivamukti Yoga, el arte de asistir, asanas y anatom\u00eda, secuenciaci\u00f3n, mantras de armonio y meditaci\u00f3n. Todo esto tiene como objetivo encontrar tu propia voz, descubrir nuevos recursos para crear secuencias inteligentes y divertidas y enriquecer tu camino espiritual.<\/p>\t\t\t\t\t<\/div>\n\t\t\t\t\t\t<\/div>\n\t\t\t\t<\/div>\n\t\t\t\t\t\t<\/div>\n\t\t\t\t\t<\/div>\n\t\t<\/div>\n\t\t\t\t\t\t\t\t<\/div>\n\t\t\t\t\t<\/div>\n\t\t<\/section>\n\t\t\t\t<section data-particle_enable=\"false\" data-particle-mobile-disabled=\"false\" class=\"elementor-section elementor-top-section elementor-element elementor-element-5b3b0d5 qodef-elementor-content-grid elementor-section-boxed elementor-section-height-default elementor-section-height-default\" data-id=\"5b3b0d5\" data-element_type=\"section\" data-settings=\"{&quot;background_background&quot;:&quot;classic&quot;}\">\n\t\t\t\t\t\t<div class=\"elementor-container elementor-column-gap-default\">\n\t\t\t\t\t\t\t<div class=\"elementor-row\">\n\t\t\t\t\t<div class=\"elementor-column elementor-col-100 elementor-top-column elementor-element elementor-element-d892d49\" data-id=\"d892d49\" data-element_type=\"column\">\n\t\t\t<div class=\"elementor-column-wrap elementor-element-populated\">\n\t\t\t\t\t\t\t<div class=\"elementor-widget-wrap\">\n\t\t\t\t\t\t<div class=\"elementor-element elementor-element-27faf8a elementor-widget elementor-widget-bluhen_core_accordion\" data-id=\"27faf8a\" data-element_type=\"widget\" data-widget_type=\"bluhen_core_accordion.default\">\n\t\t\t\t<div class=\"elementor-widget-container\">\n\t\t\t<div class=\"qodef-shortcode qodef-m  qodef-accordion clear qodef-behavior--toggle qodef-layout--simple\">\n\t<h4 class=\"qodef-accordion-title\">\n\t<span class=\"qodef-tab-title\">Para quien<\/span>\n\t<span class=\"qodef-accordion-mark\">\n\t\t<span class=\"qodef-icon--plus\"><\/span>\n\t\t<span class=\"qodef-icon--minus\"><\/span>\n\t<\/span>\n<\/h4>\n<div class=\"qodef-accordion-content\">\n\t<div class=\"qodef-accordion-content-inner\">\n\t\t<p>Esta formaci\u00f3n es para ti si llevas muchos a\u00f1os practicando yoga y quieres profundizar en tus conocimientos, o si ya has realizado un YTT (Yoga Teacher Training) y est\u00e1s interesado en aprender otros m\u00e9todos y estilos de ense\u00f1anza. Si ya impartes clases y sientes que siempre est\u00e1s haciendo lo mismo, esta formaci\u00f3n te ayudar\u00e1 a despertar a tu creatividad como profesor y encontrar tu propio estilo y voz \u00fanicos.<\/p>\t<\/div>\n<\/div>\n<h4 class=\"qodef-accordion-title\">\n\t<span class=\"qodef-tab-title\">Que aprender\u00e1s<\/span>\n\t<span class=\"qodef-accordion-mark\">\n\t\t<span class=\"qodef-icon--plus\"><\/span>\n\t\t<span class=\"qodef-icon--minus\"><\/span>\n\t<\/span>\n<\/h4>\n<div class=\"qodef-accordion-content\">\n\t<div class=\"qodef-accordion-content-inner\">\n\t\t<ul><li>Acompa\u00f1a la pr\u00e1ctica de las asanas con tu voz y tu cuerpo.<\/li><li>Gu\u00eda meditaciones, pranaiamas y descubre el poder de los mantras y tu voz.<\/li><li>Ayudar a los practicantes escuchando e intuyendo lo que cada cuerpo necesita en el momento.<\/li><li>Comprende tu propio cuerpo y su alineaci\u00f3n para practicar y ayudar de forma segura y saludable.<\/li><li>Secuenciar caminos inteligentes, divertidos y creativos adaptados a distintos p\u00fablicos.<\/li><li>Dharma Talk creado con el soporte de escrituras yogas, mantras y tu propia experiencia.<\/li><\/ul>\t<\/div>\n<\/div>\n<h4 class=\"qodef-accordion-title\">\n\t<span class=\"qodef-tab-title\">Qu\u00e9 est\u00e1 incluido<\/span>\n\t<span class=\"qodef-accordion-mark\">\n\t\t<span class=\"qodef-icon--plus\"><\/span>\n\t\t<span class=\"qodef-icon--minus\"><\/span>\n\t<\/span>\n<\/h4>\n<div class=\"qodef-accordion-content\">\n\t<div class=\"qodef-accordion-content-inner\">\n\t\t<p><strong>100 hores certificades -<\/strong> Certificaci\u00f3n proporcionada por los profesores y Casa del Movimiento.<\/p><p><strong>Sesi\u00f3n 1:1 -<\/strong> Una sesi\u00f3n de mentoring personal con Raquel Mir\u00f3.<\/p><p><strong>Kit de bienvenida:<\/strong> Incluye un manual y un libro de cantos.<\/p><p><strong>30 horas de pr\u00e1ctica en Casa del Movimiento -<\/strong> V\u00e1lido por 6 meses.<\/p>\t<\/div>\n<\/div>\n<h4 class=\"qodef-accordion-title\">\n\t<span class=\"qodef-tab-title\">M\u00f3dulos y fechas<\/span>\n\t<span class=\"qodef-accordion-mark\">\n\t\t<span class=\"qodef-icon--plus\"><\/span>\n\t\t<span class=\"qodef-icon--minus\"><\/span>\n\t<\/span>\n<\/h4>\n<div class=\"qodef-accordion-content\">\n\t<div class=\"qodef-accordion-content-inner\">\n\t\t<p>La formaci\u00f3n se desarrolla de enero a junio de 2026, un fin de semana al mes. Si no puede asistir presencialmente a alguno de los m\u00f3dulos, tendr\u00e1 la opci\u00f3n de conectarse online en tiempo real o ver la grabaci\u00f3n.<\/p><p><strong>Filosof\u00eda del Yoga y Jivamukti Yoga -<\/strong> 24 y 25 de enero.<\/p><p><strong>Anatom\u00eda y Alineaci\u00f3n<\/strong>- 21 y 22 de febrero.<\/p><p><strong>Canto, Armonio y Meditaci\u00f3n -<\/strong> 14 y 15 de marzo.<\/p><p><strong>El Arte de Asistir -<\/strong> 18 y 19 de abril.<\/p><p><strong>Dise\u00f1o y Secuenciaci\u00f3n\u00a0-<\/strong> 16 i 17 de maig.<\/p><p><strong>Poni\u00e9ndolo todo Junto -<\/strong> 6 y 7 de junio.<\/p><p>Horario:<br \/>S\u00e1bado 9-18 (1h pausa)<br \/>Domingo 9-16 (30min pausa)<\/p>\t<\/div>\n<\/div>\n<h4 class=\"qodef-accordion-title\">\n\t<span class=\"qodef-tab-title\">C\u00f3mo aplicar<\/span>\n\t<span class=\"qodef-accordion-mark\">\n\t\t<span class=\"qodef-icon--plus\"><\/span>\n\t\t<span class=\"qodef-icon--minus\"><\/span>\n\t<\/span>\n<\/h4>\n<div class=\"qodef-accordion-content\">\n\t<div class=\"qodef-accordion-content-inner\">\n\t\t<p>Si est\u00e1 interesado en solicitar nuestra formaci\u00f3n, env\u00edenos un correo electr\u00f3nico a <strong><a href=\"mailto:info@casadelmoviment.com\" target=\"_blank\" rel=\"noopener\">info@casadelmoviment.com<\/a><\/strong>.<\/p><p>Puedes reservar plaza haciendo transferencia en: Banco Santander.<\/p><p>Cuenta bancaria: ES61 0075 0081 6706 0603 8187 (con tu nombre + YTT en el asunto)<\/p><p>Precio reserva: 250\u20ac<\/p><p>Los solicitantes deben tener al menos 18 a\u00f1os y revelar cualquier condici\u00f3n m\u00e9dica importante a los l\u00edderes\/organizadores del curso para garantizar la seguridad y el bienestar de todos los estudiantes. Toda la informaci\u00f3n compartida se mantendr\u00e1 confidencial.<\/p>\t<\/div>\n<\/div>\n<h4 class=\"qodef-accordion-title\">\n\t<span class=\"qodef-tab-title\">Apertura de inscripciones<\/span>\n\t<span class=\"qodef-accordion-mark\">\n\t\t<span class=\"qodef-icon--plus\"><\/span>\n\t\t<span class=\"qodef-icon--minus\"><\/span>\n\t<\/span>\n<\/h4>\n<div class=\"qodef-accordion-content\">\n\t<div class=\"qodef-accordion-content-inner\">\n\t\t<p>Las postulaciones estar\u00e1n abiertas a partir de noviembre de 2025. Dado que las plazas son limitadas, se otorgar\u00e1n por orden de llegada siempre que los candidatos cumplan todos los requisitos.<\/p>\t<\/div>\n<\/div>\n<h4 class=\"qodef-accordion-title\">\n\t<span class=\"qodef-tab-title\">Honorarios<\/span>\n\t<span class=\"qodef-accordion-mark\">\n\t\t<span class=\"qodef-icon--plus\"><\/span>\n\t\t<span class=\"qodef-icon--minus\"><\/span>\n\t<\/span>\n<\/h4>\n<div class=\"qodef-accordion-content\">\n\t<div class=\"qodef-accordion-content-inner\">\n\t\t<p><strong>Madrugador -<\/strong> 900\u20ac* (disponible hasta el 27\/12\/25)<\/p><p><strong>Precio regular -<\/strong> 1,000\u20ac*<\/p><p><strong>Precio por m\u00f3dulo -<\/strong> 200\u20ac<\/p><p>* Plan de pago a plazos opcional disponible para tarifas regulares y anticipadas. Los m\u00f3dulos individuales no reciben certificaci\u00f3n.<\/p>\t<\/div>\n<\/div>\n<\/div>\n\t\t<\/div>\n\t\t\t\t<\/div>\n\t\t\t\t<div class=\"elementor-element elementor-element-b09377d elementor-widget elementor-widget-spacer\" data-id=\"b09377d\" data-element_type=\"widget\" data-widget_type=\"spacer.default\">\n\t\t\t\t<div class=\"elementor-widget-container\">\n\t\t\t\t\t<div class=\"elementor-spacer\">\n\t\t\t<div class=\"elementor-spacer-inner\"><\/div>\n\t\t<\/div>\n\t\t\t\t<\/div>\n\t\t\t\t<\/div>\n\t\t\t\t<div class=\"elementor-element elementor-element-a518c49 elementor-widget__width-auto elementor-widget elementor-widget-bluhen_core_button\" data-id=\"a518c49\" data-element_type=\"widget\" data-widget_type=\"bluhen_core_button.default\">\n\t\t\t\t<div class=\"elementor-widget-container\">\n\t\t\t<a class=\"qodef-shortcode qodef-m  qodef-button qodef-layout--filled qodef-size--large qodef-html--link qodef-shape--ellipse\" href=\"mailto:info@casadelmoviment.com\" target=\"_blank\"  >\n\t<span class=\"qodef-m-text\">Reserva un sitio<\/span>\n<\/a>\n\t\t<\/div>\n\t\t\t\t<\/div>\n\t\t\t\t<div class=\"elementor-element elementor-element-bb64bb5 elementor-widget elementor-widget-spacer\" data-id=\"bb64bb5\" data-element_type=\"widget\" data-widget_type=\"spacer.default\">\n\t\t\t\t<div class=\"elementor-widget-container\">\n\t\t\t\t\t<div class=\"elementor-spacer\">\n\t\t\t<div class=\"elementor-spacer-inner\"><\/div>\n\t\t<\/div>\n\t\t\t\t<\/div>\n\t\t\t\t<\/div>\n\t\t\t\t<div class=\"elementor-element elementor-element-87f4769 animated-fast elementor-invisible elementor-widget elementor-widget-text-editor\" data-id=\"87f4769\" data-element_type=\"widget\" data-settings=\"{&quot;_animation&quot;:&quot;fadeIn&quot;,&quot;_animation_delay&quot;:200}\" data-widget_type=\"text-editor.default\">\n\t\t\t\t<div class=\"elementor-widget-container\">\n\t\t\t\t\t\t\t\t<div class=\"elementor-text-editor elementor-clearfix\">\n\t\t\t\t<p><span style=\"font-weight: 400;\">\u00bfTienes alguna duda o consulta adicional sobre nuestra formaci\u00f3n?<br \/>Escr\u00edbenos a <\/span><strong><a href=\"mailto:info@casadelmoviment.com\" target=\"_blank\" rel=\"noopener\">info@casadelmoviment.com<\/a><\/strong><\/p>\t\t\t\t\t<\/div>\n\t\t\t\t\t\t<\/div>\n\t\t\t\t<\/div>\n\t\t\t\t\t\t<\/div>\n\t\t\t\t\t<\/div>\n\t\t<\/div>\n\t\t\t\t\t\t\t\t<\/div>\n\t\t\t\t\t<\/div>\n\t\t<\/section>\n\t\t\t\t<section data-particle_enable=\"false\" data-particle-mobile-disabled=\"false\" class=\"elementor-section elementor-top-section elementor-element elementor-element-7a761db elementor-hidden-mobile elementor-hidden-desktop elementor-hidden-tablet elementor-section-boxed elementor-section-height-default elementor-section-height-default\" data-id=\"7a761db\" data-element_type=\"section\">\n\t\t\t\t\t\t<div class=\"elementor-container elementor-column-gap-default\">\n\t\t\t\t\t\t\t<div class=\"elementor-row\">\n\t\t\t\t\t<div class=\"elementor-column elementor-col-100 elementor-top-column elementor-element elementor-element-2a4133b\" data-id=\"2a4133b\" data-element_type=\"column\" id=\"ytt-form\">\n\t\t\t<div class=\"elementor-column-wrap elementor-element-populated\">\n\t\t\t\t\t\t\t<div class=\"elementor-widget-wrap\">\n\t\t\t\t\t\t<section data-particle_enable=\"false\" data-particle-mobile-disabled=\"false\" class=\"elementor-section elementor-inner-section elementor-element elementor-element-8b69c54 elementor-section-boxed elementor-section-height-default elementor-section-height-default\" data-id=\"8b69c54\" data-element_type=\"section\">\n\t\t\t\t\t\t<div class=\"elementor-container elementor-column-gap-default\">\n\t\t\t\t\t\t\t<div class=\"elementor-row\">\n\t\t\t\t\t<div class=\"elementor-column elementor-col-50 elementor-inner-column elementor-element elementor-element-122093f\" data-id=\"122093f\" data-element_type=\"column\">\n\t\t\t<div class=\"elementor-column-wrap elementor-element-populated\">\n\t\t\t\t\t\t\t<div class=\"elementor-widget-wrap\">\n\t\t\t\t\t\t<div class=\"elementor-element elementor-element-892bd3a elementor-widget elementor-widget-heading\" data-id=\"892bd3a\" data-element_type=\"widget\" data-widget_type=\"heading.default\">\n\t\t\t\t<div class=\"elementor-widget-container\">\n\t\t\t<h4 class=\"elementor-heading-title elementor-size-default\">\u00danete a nuestro YTT<\/h4>\t\t<\/div>\n\t\t\t\t<\/div>\n\t\t\t\t<div class=\"elementor-element elementor-element-eeab15e animated-fast elementor-invisible elementor-widget elementor-widget-text-editor\" data-id=\"eeab15e\" data-element_type=\"widget\" data-settings=\"{&quot;_animation&quot;:&quot;fadeIn&quot;,&quot;_animation_delay&quot;:200}\" data-widget_type=\"text-editor.default\">\n\t\t\t\t<div class=\"elementor-widget-container\">\n\t\t\t\t\t\t\t\t<div class=\"elementor-text-editor elementor-clearfix\">\n\t\t\t\t<p>Completa el siguiente formulario para registrarte en la formaci\u00f3n o solicitar m\u00e1s informaci\u00f3n.<\/p>\t\t\t\t\t<\/div>\n\t\t\t\t\t\t<\/div>\n\t\t\t\t<\/div>\n\t\t\t\t\t\t<\/div>\n\t\t\t\t\t<\/div>\n\t\t<\/div>\n\t\t\t\t<div class=\"elementor-column elementor-col-50 elementor-inner-column elementor-element elementor-element-a493c51\" data-id=\"a493c51\" data-element_type=\"column\" data-settings=\"{&quot;background_background&quot;:&quot;classic&quot;}\">\n\t\t\t<div class=\"elementor-column-wrap\">\n\t\t\t\t\t\t\t<div class=\"elementor-widget-wrap\">\n\t\t\t\t\t\t\t\t<\/div>\n\t\t\t\t\t<\/div>\n\t\t<\/div>\n\t\t\t\t\t\t\t\t<\/div>\n\t\t\t\t\t<\/div>\n\t\t<\/section>\n\t\t\t\t\t\t<\/div>\n\t\t\t\t\t<\/div>\n\t\t<\/div>\n\t\t\t\t\t\t\t\t<\/div>\n\t\t\t\t\t<\/div>\n\t\t<\/section>\n\t\t\t\t\t\t<\/div>\n\t\t\t\t\t\t<\/div>\n\t\t\t\t\t<\/div>","protected":false},"excerpt":{"rendered":"<p>100h Formaci\u00f3 de professors de ioga Reserva un lloc Formaci\u00f3 de ioga integral i modular impartida per Raquel Mir\u00f3 i professors convidats. Consta de sis m\u00f2duls que aprofundeixen en cadascun dels fonaments del ioga. Els professors convidats us guiaran a trav\u00e9s de la Filosofia del Ioga i Jivamukti Ioga, l&#8217;art d&#8217;assistir, asanes i anatomia, seq\u00fcenciaci\u00f3, [&hellip;]<\/p>","protected":false},"author":2,"featured_media":7717,"parent":0,"menu_order":0,"comment_status":"closed","ping_status":"closed","template":"page-full-width.php","meta":{"footnotes":""},"class_list":["post-8474","page","type-page","status-publish","has-post-thumbnail","hentry"],"blog_post_layout_featured_media_urls":{"thumbnail":["https:\/\/www.casadelmoviment.com\/wp-content\/uploads\/2023\/06\/Casa-del-Moviment-11-150x150.jpg",150,150,true],"full":["https:\/\/www.casadelmoviment.com\/wp-content\/uploads\/2023\/06\/Casa-del-Moviment-11-scaled.jpg",2560,2048,false]},"categories_names":null,"comments_number":"0","_links":{"self":[{"href":"https:\/\/www.casadelmoviment.com\/es\/wp-json\/wp\/v2\/pages\/8474","targetHints":{"allow":["GET"]}}],"collection":[{"href":"https:\/\/www.casadelmoviment.com\/es\/wp-json\/wp\/v2\/pages"}],"about":[{"href":"https:\/\/www.casadelmoviment.com\/es\/wp-json\/wp\/v2\/types\/page"}],"author":[{"embeddable":true,"href":"https:\/\/www.casadelmoviment.com\/es\/wp-json\/wp\/v2\/users\/2"}],"replies":[{"embeddable":true,"href":"https:\/\/www.casadelmoviment.com\/es\/wp-json\/wp\/v2\/comments?post=8474"}],"version-history":[{"count":115,"href":"https:\/\/www.casadelmoviment.com\/es\/wp-json\/wp\/v2\/pages\/8474\/revisions"}],"predecessor-version":[{"id":11158,"href":"https:\/\/www.casadelmoviment.com\/es\/wp-json\/wp\/v2\/pages\/8474\/revisions\/11158"}],"wp:featuredmedia":[{"embeddable":true,"href":"https:\/\/www.casadelmoviment.com\/es\/wp-json\/wp\/v2\/media\/7717"}],"wp:attachment":[{"href":"https:\/\/www.casadelmoviment.com\/es\/wp-json\/wp\/v2\/media?parent=8474"}],"curies":[{"name":"wp","href":"https:\/\/api.w.org\/{rel}","templated":true}]}}