{"id":10304,"date":"2025-10-15T08:45:39","date_gmt":"2025-10-15T06:45:39","guid":{"rendered":"https:\/\/www.casadelmoviment.com\/?post_type=product&#038;p=10304"},"modified":"2026-01-17T15:59:15","modified_gmt":"2026-01-17T14:59:15","slug":"camiseta-de-tirantes","status":"publish","type":"product","link":"https:\/\/www.casadelmoviment.com\/es\/producto\/camiseta-de-tirantes\/","title":{"rendered":"Camiseta de Tirantes Casa del Moviment"},"content":{"rendered":"<p data-start=\"1369\" data-end=\"1577\">Frescor i llibertat de moviment per a la teva pr\u00e0ctica o el teu dia a dia. Aquesta samarreta de tirants \u00e9s una opci\u00f3 simple i funcional per als que busquen comoditat sense complicacions.<\/p>","protected":false},"excerpt":{"rendered":"<p>Frescor i llibertat de moviment per a la teva pr\u00e0ctica o el teu dia a dia. Aquesta samarreta de tirants \u00e9s una opci\u00f3 simple i funcional per als que busquen comoditat sense complicacions.<\/p>","protected":false},"featured_media":11075,"comment_status":"open","ping_status":"closed","template":"","meta":[],"product_brand":[],"product_cat":[224],"product_tag":[],"class_list":{"0":"post-10304","1":"product","2":"type-product","3":"status-publish","4":"has-post-thumbnail","6":"product_cat-productos","8":"first","9":"instock","10":"sale","11":"shipping-taxable","12":"purchasable","13":"product-type-variable"},"blog_post_layout_featured_media_urls":{"thumbnail":["https:\/\/www.casadelmoviment.com\/wp-content\/uploads\/2025\/10\/Camiseta013-150x150.jpg",150,150,true],"full":["https:\/\/www.casadelmoviment.com\/wp-content\/uploads\/2025\/10\/Camiseta013-scaled.jpg",2560,1707,false]},"categories":null,"categories_names":null,"comments_number":"0","_links":{"self":[{"href":"https:\/\/www.casadelmoviment.com\/es\/wp-json\/wp\/v2\/product\/10304","targetHints":{"allow":["GET"]}}],"collection":[{"href":"https:\/\/www.casadelmoviment.com\/es\/wp-json\/wp\/v2\/product"}],"about":[{"href":"https:\/\/www.casadelmoviment.com\/es\/wp-json\/wp\/v2\/types\/product"}],"replies":[{"embeddable":true,"href":"https:\/\/www.casadelmoviment.com\/es\/wp-json\/wp\/v2\/comments?post=10304"}],"version-history":[{"count":8,"href":"https:\/\/www.casadelmoviment.com\/es\/wp-json\/wp\/v2\/product\/10304\/revisions"}],"predecessor-version":[{"id":11074,"href":"https:\/\/www.casadelmoviment.com\/es\/wp-json\/wp\/v2\/product\/10304\/revisions\/11074"}],"wp:featuredmedia":[{"embeddable":true,"href":"https:\/\/www.casadelmoviment.com\/es\/wp-json\/wp\/v2\/media\/11075"}],"wp:attachment":[{"href":"https:\/\/www.casadelmoviment.com\/es\/wp-json\/wp\/v2\/media?parent=10304"}],"wp:term":[{"taxonomy":"product_brand","embeddable":true,"href":"https:\/\/www.casadelmoviment.com\/es\/wp-json\/wp\/v2\/product_brand?post=10304"},{"taxonomy":"product_cat","embeddable":true,"href":"https:\/\/www.casadelmoviment.com\/es\/wp-json\/wp\/v2\/product_cat?post=10304"},{"taxonomy":"product_tag","embeddable":true,"href":"https:\/\/www.casadelmoviment.com\/es\/wp-json\/wp\/v2\/product_tag?post=10304"}],"curies":[{"name":"wp","href":"https:\/\/api.w.org\/{rel}","templated":true}]}}