{"id":10308,"date":"2025-10-15T09:17:57","date_gmt":"2025-10-15T07:17:57","guid":{"rendered":"https:\/\/www.casadelmoviment.com\/?post_type=product&#038;p=10308"},"modified":"2026-03-11T11:57:22","modified_gmt":"2026-03-11T10:57:22","slug":"retiro","status":"publish","type":"product","link":"https:\/\/www.casadelmoviment.com\/es\/producto\/retiro\/","title":{"rendered":"Reserva Retiro 1 al 3 de Mayo de 2026"},"content":{"rendered":"<p data-start=\"141\" data-end=\"483\">Asegura tu lugar en nuestro retiro de primavera del 1 al 3 de mayo 2026. Ser\u00e1n tres d\u00edas para reconectar contigo mismo a trav\u00e9s del yoga, el movimiento consciente y el descanso en un entorno natural. Este pago corresponde a la reserva de tu plaza. El resto se abona m\u00e1s adelante. Espacios limitados.<\/p>","protected":false},"excerpt":{"rendered":"<p>Asegura tu lugar en nuestro retiro de primavera del 1 al 3 de mayo 2026. Ser\u00e1n tres d\u00edas para reconectar contigo mismo a trav\u00e9s del yoga, el movimiento consciente y el descanso en un entorno natural. Este pago corresponde a la reserva de tu plaza. El resto se abona m\u00e1s adelante. Espacios limitados.<\/p>","protected":false},"featured_media":11330,"comment_status":"open","ping_status":"closed","template":"","meta":[],"product_brand":[],"product_cat":[225],"product_tag":[233,234,235],"class_list":{"0":"post-10308","1":"product","2":"type-product","3":"status-publish","4":"has-post-thumbnail","6":"product_cat-retiros","7":"product_tag-retiro","8":"product_tag-retiro-de-yoga","9":"product_tag-retiro-espiritual","11":"first","12":"instock","13":"shipping-taxable","14":"purchasable","15":"product-type-simple"},"blog_post_layout_featured_media_urls":{"thumbnail":["https:\/\/www.casadelmoviment.com\/wp-content\/uploads\/2026\/01\/SPRING-RETREAT-29.7-x-21-cm-150x150.png",150,150,true],"full":["https:\/\/www.casadelmoviment.com\/wp-content\/uploads\/2026\/01\/SPRING-RETREAT-29.7-x-21-cm.png",2000,1414,false]},"categories":null,"categories_names":null,"comments_number":"0","_links":{"self":[{"href":"https:\/\/www.casadelmoviment.com\/es\/wp-json\/wp\/v2\/product\/10308","targetHints":{"allow":["GET"]}}],"collection":[{"href":"https:\/\/www.casadelmoviment.com\/es\/wp-json\/wp\/v2\/product"}],"about":[{"href":"https:\/\/www.casadelmoviment.com\/es\/wp-json\/wp\/v2\/types\/product"}],"replies":[{"embeddable":true,"href":"https:\/\/www.casadelmoviment.com\/es\/wp-json\/wp\/v2\/comments?post=10308"}],"version-history":[{"count":2,"href":"https:\/\/www.casadelmoviment.com\/es\/wp-json\/wp\/v2\/product\/10308\/revisions"}],"predecessor-version":[{"id":10489,"href":"https:\/\/www.casadelmoviment.com\/es\/wp-json\/wp\/v2\/product\/10308\/revisions\/10489"}],"wp:featuredmedia":[{"embeddable":true,"href":"https:\/\/www.casadelmoviment.com\/es\/wp-json\/wp\/v2\/media\/11330"}],"wp:attachment":[{"href":"https:\/\/www.casadelmoviment.com\/es\/wp-json\/wp\/v2\/media?parent=10308"}],"wp:term":[{"taxonomy":"product_brand","embeddable":true,"href":"https:\/\/www.casadelmoviment.com\/es\/wp-json\/wp\/v2\/product_brand?post=10308"},{"taxonomy":"product_cat","embeddable":true,"href":"https:\/\/www.casadelmoviment.com\/es\/wp-json\/wp\/v2\/product_cat?post=10308"},{"taxonomy":"product_tag","embeddable":true,"href":"https:\/\/www.casadelmoviment.com\/es\/wp-json\/wp\/v2\/product_tag?post=10308"}],"curies":[{"name":"wp","href":"https:\/\/api.w.org\/{rel}","templated":true}]}}