{"id":11235,"date":"2026-02-18T14:57:42","date_gmt":"2026-02-18T13:57:42","guid":{"rendered":"https:\/\/www.casadelmoviment.com\/?post_type=product&#038;p=11235"},"modified":"2026-04-13T22:44:09","modified_gmt":"2026-04-13T20:44:09","slug":"4-estaciones","status":"publish","type":"product","link":"https:\/\/www.casadelmoviment.com\/es\/producto\/4-estaciones\/","title":{"rendered":"Inmersi\u00f3n en las \u201c4 estaciones\u201d del Yoga Iyengar con Rachele di Fino"},"content":{"rendered":"<p>Inmersi\u00f3n en las \u201c4 estaciones\u201d del Yoga Iyengar con Rachele di Fino\u00a0<a class=\"x1i10hfl xjbqb8w x1ejq31n x18oe1m7 x1sy0etr xstzfhl x972fbf x10w94by x1qhh985 x14e42zd x9f619 x1ypdohk xt0psk2 x3ct3a4 xdj266r x14z9mp xat24cr x1lziwak xexx8yu xyri2b x18d9i69 x1c1uobl x16tdsg8 x1hl2dhg xggy1nq x1a2a7pz notranslate _a6hd\" tabindex=\"0\" role=\"link\" href=\"https:\/\/www.instagram.com\/racheledifino\/\">@racheledifino<\/a><\/p>\n<p>Ser\u00e1n 4 encuentros un s\u00e1bado al mes, 4 horas juntas investigando, practicando familias de posturas con un mismo denominador com\u00fan.<br \/>\nEstudiaremos las \u00e1reas b\u00e1sicas por las cuales movernos de forma fluida en cada serie de posturas. Crearemos secuencias para nuestra pr\u00e1ctica personal.<br \/>\nSolo trae tu ilusi\u00f3n de aprender y explorar y lo dem\u00e1s se dar\u00e1 solo.<\/p>\n<p>Horario: 10-14h<br \/>\nPuedes participar en un encuentro o en todos.<br \/>\nPrecio:<br \/>\n60\u20ac (1 encuentro)<br \/>\n200\u20ac (4 encuentros)<\/p>","protected":false},"excerpt":{"rendered":"<p>Inmersi\u00f3n en las \u201c4 estaciones\u201d del Yoga Iyengar con Rachele di Fino\u00a0@racheledifino Ser\u00e1n 4 encuentros un s\u00e1bado al mes, 4 horas juntas investigando, practicando familias de posturas con un mismo denominador com\u00fan. Estudiaremos las \u00e1reas b\u00e1sicas por las cuales movernos de forma fluida en cada serie de posturas. Crearemos secuencias para nuestra pr\u00e1ctica personal. Solo [&hellip;]<\/p>","protected":false},"featured_media":11431,"comment_status":"open","ping_status":"closed","template":"","meta":[],"product_brand":[],"product_cat":[242],"product_tag":[],"class_list":{"0":"post-11235","1":"product","2":"type-product","3":"status-publish","4":"has-post-thumbnail","6":"product_cat-tallers","8":"first","9":"instock","10":"shipping-taxable","11":"purchasable","12":"product-type-variable"},"blog_post_layout_featured_media_urls":{"thumbnail":["https:\/\/www.casadelmoviment.com\/wp-content\/uploads\/2026\/02\/Las-4-estaciones-150x150.png",150,150,true],"full":["https:\/\/www.casadelmoviment.com\/wp-content\/uploads\/2026\/02\/Las-4-estaciones.png",1080,1350,false]},"categories":null,"categories_names":null,"comments_number":"0","_links":{"self":[{"href":"https:\/\/www.casadelmoviment.com\/es\/wp-json\/wp\/v2\/product\/11235","targetHints":{"allow":["GET"]}}],"collection":[{"href":"https:\/\/www.casadelmoviment.com\/es\/wp-json\/wp\/v2\/product"}],"about":[{"href":"https:\/\/www.casadelmoviment.com\/es\/wp-json\/wp\/v2\/types\/product"}],"replies":[{"embeddable":true,"href":"https:\/\/www.casadelmoviment.com\/es\/wp-json\/wp\/v2\/comments?post=11235"}],"version-history":[{"count":5,"href":"https:\/\/www.casadelmoviment.com\/es\/wp-json\/wp\/v2\/product\/11235\/revisions"}],"predecessor-version":[{"id":11430,"href":"https:\/\/www.casadelmoviment.com\/es\/wp-json\/wp\/v2\/product\/11235\/revisions\/11430"}],"wp:featuredmedia":[{"embeddable":true,"href":"https:\/\/www.casadelmoviment.com\/es\/wp-json\/wp\/v2\/media\/11431"}],"wp:attachment":[{"href":"https:\/\/www.casadelmoviment.com\/es\/wp-json\/wp\/v2\/media?parent=11235"}],"wp:term":[{"taxonomy":"product_brand","embeddable":true,"href":"https:\/\/www.casadelmoviment.com\/es\/wp-json\/wp\/v2\/product_brand?post=11235"},{"taxonomy":"product_cat","embeddable":true,"href":"https:\/\/www.casadelmoviment.com\/es\/wp-json\/wp\/v2\/product_cat?post=11235"},{"taxonomy":"product_tag","embeddable":true,"href":"https:\/\/www.casadelmoviment.com\/es\/wp-json\/wp\/v2\/product_tag?post=11235"}],"curies":[{"name":"wp","href":"https:\/\/api.w.org\/{rel}","templated":true}]}}