{"id":11334,"date":"2026-03-10T22:12:26","date_gmt":"2026-03-10T21:12:26","guid":{"rendered":"https:\/\/www.casadelmoviment.com\/?post_type=product&#038;p=11334"},"modified":"2026-03-11T12:47:18","modified_gmt":"2026-03-11T11:47:18","slug":"ytt-modulo-5","status":"publish","type":"product","link":"https:\/\/www.casadelmoviment.com\/es\/producto\/ytt-modulo-5\/","title":{"rendered":"YTT Modulo 5: Dise\u00f1o y Secuenciaci\u00f3n con Marie Montocchio"},"content":{"rendered":"<div class=\"Y3BBE\" data-sfc-cp=\"\" data-sfc-cb=\"\" data-hveid=\"CAQQAA\" data-complete=\"true\" data-processed=\"true\">\n<p>\u00bfC\u00f3mo secuenciar con poes\u00eda, inteligencia y seguridad? Este m\u00f3dulo no ofrece recetas, sino un espacio de investigaci\u00f3n para que te empoderes a crear clases coherentes, originales y fieles a tu propia voz.<\/p>\n<p>&nbsp;<\/p>\n<\/div>\n<p>Marie Montocchio es profesora de Jivamukti Yoga 800H+, ilustradora y paisajista. Su ense\u00f1anza integral, enriquecida por Yoga Sensible al Trauma, Total Yoga Nidra y pranayama, une precisi\u00f3n, creatividad, suavidad y fuerza.<\/p>\n<p>&nbsp;<\/p>\n<p>Fechas: 16-17 de Mayo<\/p>","protected":false},"excerpt":{"rendered":"<p>\u00bfC\u00f3mo secuenciar con poes\u00eda, inteligencia y seguridad? Este m\u00f3dulo no ofrece recetas, sino un espacio de investigaci\u00f3n para que te empoderes a crear clases coherentes, originales y fieles a tu propia voz. &nbsp; Marie Montocchio es profesora de Jivamukti Yoga 800H+, ilustradora y paisajista. Su ense\u00f1anza integral, enriquecida por Yoga Sensible al Trauma, Total Yoga [&hellip;]<\/p>","protected":false},"featured_media":11379,"comment_status":"open","ping_status":"closed","template":"","meta":[],"product_brand":[],"product_cat":[232],"product_tag":[],"class_list":{"0":"post-11334","1":"product","2":"type-product","3":"status-publish","4":"has-post-thumbnail","6":"product_cat-formaciones","8":"first","9":"instock","10":"shipping-taxable","11":"purchasable","12":"product-type-simple"},"blog_post_layout_featured_media_urls":{"thumbnail":["https:\/\/www.casadelmoviment.com\/wp-content\/uploads\/2026\/03\/Untitled-29.7-x-21-cm-150x150.png",150,150,true],"full":["https:\/\/www.casadelmoviment.com\/wp-content\/uploads\/2026\/03\/Untitled-29.7-x-21-cm.png",2000,1414,false]},"categories":null,"categories_names":null,"comments_number":"0","_links":{"self":[{"href":"https:\/\/www.casadelmoviment.com\/es\/wp-json\/wp\/v2\/product\/11334","targetHints":{"allow":["GET"]}}],"collection":[{"href":"https:\/\/www.casadelmoviment.com\/es\/wp-json\/wp\/v2\/product"}],"about":[{"href":"https:\/\/www.casadelmoviment.com\/es\/wp-json\/wp\/v2\/types\/product"}],"replies":[{"embeddable":true,"href":"https:\/\/www.casadelmoviment.com\/es\/wp-json\/wp\/v2\/comments?post=11334"}],"version-history":[{"count":5,"href":"https:\/\/www.casadelmoviment.com\/es\/wp-json\/wp\/v2\/product\/11334\/revisions"}],"predecessor-version":[{"id":11375,"href":"https:\/\/www.casadelmoviment.com\/es\/wp-json\/wp\/v2\/product\/11334\/revisions\/11375"}],"wp:featuredmedia":[{"embeddable":true,"href":"https:\/\/www.casadelmoviment.com\/es\/wp-json\/wp\/v2\/media\/11379"}],"wp:attachment":[{"href":"https:\/\/www.casadelmoviment.com\/es\/wp-json\/wp\/v2\/media?parent=11334"}],"wp:term":[{"taxonomy":"product_brand","embeddable":true,"href":"https:\/\/www.casadelmoviment.com\/es\/wp-json\/wp\/v2\/product_brand?post=11334"},{"taxonomy":"product_cat","embeddable":true,"href":"https:\/\/www.casadelmoviment.com\/es\/wp-json\/wp\/v2\/product_cat?post=11334"},{"taxonomy":"product_tag","embeddable":true,"href":"https:\/\/www.casadelmoviment.com\/es\/wp-json\/wp\/v2\/product_tag?post=11334"}],"curies":[{"name":"wp","href":"https:\/\/api.w.org\/{rel}","templated":true}]}}